{"id":707,"date":"2022-06-20T09:38:09","date_gmt":"2022-06-20T13:38:09","guid":{"rendered":"https:\/\/mexicomusa.com\/home\/"},"modified":"2026-01-22T14:29:02","modified_gmt":"2026-01-22T19:29:02","slug":"inicio","status":"publish","type":"page","link":"https:\/\/mexicomusa.com\/es\/","title":{"rendered":"P\u00e1gina Inicio"},"content":{"rendered":"<div class=\"wpb-content-wrapper\">[vc_row id=\u00bbHomeSlideShow\u00bb][vc_column][layerslider_vc id=\u00bb34&#8243;][\/vc_column][\/vc_row][vc_row css=\u00bb.vc_custom_1655732593737{margin-bottom: 2rem !important;}\u00bb][vc_column][mk_fancy_title color=\u00bb#e20c14&#8243; size=\u00bb24&#8243; font_weight=\u00bbbold\u00bb txt_transform=\u00bbuppercase\u00bb margin_bottom=\u00bb5&#8243; font_family=\u00bbnone\u00bb]\n<p class=\"p1\" style=\"text-align: center;\"><b>BIENVENIDO A MEXICOM USA\u00ae<\/b><\/p>\n[\/mk_fancy_title][vc_column_text css=\u00bb.vc_custom_1769109889647{margin-bottom: 0px !important;}\u00bb]\n<p data-start=\"39\" data-end=\"527\">Con sede en Estados Unidos, Mexicom USA ofrece servicios de transporte terrestre confiables y conformes en toda Norteam\u00e9rica. Nuestro equipo con base en EE. UU. coordina env\u00edos transfronterizos entre M\u00e9xico y Estados Unidos y gestiona carga dom\u00e9stica dentro de EE. UU., incluyendo transporte de carga, consolidaci\u00f3n, cross-docking, cruce de puente y almacenamiento a corto plazo en Laredo. Tambi\u00e9n operamos nuestra propia bodega para apoyar una log\u00edstica eficiente y un manejo seguro.<\/p>\n<p data-start=\"529\" data-end=\"708\" data-is-last-node=\"\" data-is-only-node=\"\"><strong>Mexicom USA es un transportista autorizado en EE. UU. (MC-1109435)<\/strong>, opera bajo autoridad federal y cumple con los est\u00e1ndares requeridos para el transporte interestatal.<\/p>\n[\/vc_column_text][\/vc_column][\/vc_row][vc_row css=\u00bb.vc_custom_1655732601963{margin-bottom: 2rem !important;}\u00bb][vc_column][vc_empty_space][vc_empty_space][mk_fancy_title color=\u00bb#e20c14&#8243; size=\u00bb32&#8243; font_weight=\u00bbbold\u00bb margin_bottom=\u00bb5&#8243; font_family=\u00bbnone\u00bb]\n<p class=\"p1\" style=\"text-align: center;\"><b>+ 20 a\u00f1os de experiencia<\/b><\/p>\n[\/mk_fancy_title][vc_empty_space][vc_column_text align=\u00bbcenter\u00bb css=\u00bb.vc_custom_1769109923274{margin-bottom: 0px !important;}\u00bb]\n<p class=\"p1\" style=\"text-align: center;\"><b>\u00a1Moviendo m\u00e1s de<br \/>\n110 000 cargas<br \/>\nen Norte \u00c1merica!<\/b><\/p>\n[\/vc_column_text][vc_empty_space][\/vc_column][\/vc_row][vc_section][\/vc_section][mk_page_section][vc_column][vc_empty_space][mk_fancy_title color=\u00bb#146372&#8243; font_family=\u00bbnone\u00bb]\n<h3 style=\"text-align: center;\"><span style=\"color: #008080;\">NUESTRAS SOLUCIONES DE TRANSPORTE\u00a0<\/span><\/h3>\n[\/mk_fancy_title][\/vc_column][vc_column width=\u00bb1\/4&#8243;][vc_empty_space height=\u00bb15&#8243;][mk_flipbox back_background_color=\u00bb#e5e5e5&#8243; image=\u00bbhttps:\/\/mexicomusa.com\/wp-content\/uploads\/2024\/05\/entregasrecolecciones_es.png\u00bb front_title_color=\u00bb#ff3a3a\u00bb back_title=\u00bbENTREGAS Y RECOLECCIONES EN LAREDO\u00bb back_title_size=\u00bb18&#8243; back_title_color=\u00bb#146372&#8243; front_desc_color=\u00bb#146372&#8243; back_desc=\u00bbFacilitamos el transporte local de mercanc\u00edas entre varios almacenes dentro de Laredo, Texas, garantizando un movimiento fluido y eficiente dentro de la regi\u00f3n.\u00bb back_desc_size=\u00bb12&#8243; button_url=\u00bbhttps:\/\/mexicomusa.com\/es\/entregas-recolecciones-laredo-tx\/\u00bb button_target=\u00bb_blank\u00bb button_text=\u00bbM\u00e1s informaci\u00f3n\u00bb button_bg_color=\u00bb#23899c\u00bb button_bg_hover_color=\u00bb#dd3333&#8243;][\/vc_column][vc_column width=\u00bb1\/4&#8243;][vc_empty_space height=\u00bb15&#8243;][mk_flipbox back_background_color=\u00bb#e5e5e5&#8243; image=\u00bbhttps:\/\/mexicomusa.com\/wp-content\/uploads\/2024\/05\/interstate_es.png\u00bb front_title_color=\u00bb#ff3a3a\u00bb back_title=\u00bbTRANSPORTE DE CARGA INTERSTATE\u00bb back_title_size=\u00bb18&#8243; back_title_color=\u00bb#146372&#8243; front_desc_color=\u00bb#146372&#8243; back_desc=\u00bbNos encargamos del transporte terrestre de bienes y mercanc\u00edas, garantizando una entrega oportuna y segura desde un lugar a otro a lo largo del estado, especialmente en el Tri\u00e1ngulo de Texas (Dallas-Houston-Laredo).\u00bb back_desc_size=\u00bb12&#8243; button_url=\u00bbhttps:\/\/mexicomusa.com\/es\/envio-cargas-texas\/\u00bb button_target=\u00bb_blank\u00bb button_text=\u00bbM\u00e1s informaci\u00f3n\u00bb button_bg_color=\u00bb#23899c\u00bb button_bg_hover_color=\u00bb#dd3333&#8243;][\/vc_column][vc_column width=\u00bb1\/4&#8243;][vc_empty_space height=\u00bb15&#8243;][mk_flipbox back_background_color=\u00bb#e5e5e5&#8243; image=\u00bbhttps:\/\/mexicomusa.com\/wp-content\/uploads\/2024\/05\/intratexas_es.png\u00bb front_title_color=\u00bb#ff3a3a\u00bb back_title=\u00bbTRANSPORTE DE CARGA INTRA-TEXAS\u00bb back_title_size=\u00bb18&#8243; back_title_color=\u00bb#146372&#8243; front_desc_color=\u00bb#146372&#8243; back_desc=\u00bbTransportamos mercanc\u00edas en el estado de Texas, especialmente entre las ciudades de Laredo, Dallas y Houston.\u00bb back_desc_size=\u00bb12&#8243; button_target=\u00bb_blank\u00bb button_bg_color=\u00bb#23899c\u00bb button_bg_hover_color=\u00bb#dd3333&#8243;][\/vc_column][vc_column width=\u00bb1\/4&#8243;][vc_empty_space height=\u00bb15&#8243;][mk_flipbox back_background_color=\u00bb#e5e5e5&#8243; image=\u00bbhttps:\/\/mexicomlogistics.com\/wp-content\/uploads\/2023\/10\/cruce_impo_expo.png\u00bb front_title_color=\u00bb#ff3a3a\u00bb back_title=\u00bbCRUCE DE PUENTES PARA IMPORTACIONES Y EXPORTACIONES\u00bb back_title_size=\u00bb18&#8243; back_title_color=\u00bb#146372&#8243; front_desc_color=\u00bb#146372&#8243; back_desc=\u00bbTransportamos mercanc\u00edas a trav\u00e9s de las fronteras norte y sur de Estados Unidos, garantizando un movimiento fluido de productos entre pa\u00edses. Facilitamos el comercio y nos encargamos de la aduana, regulaciones y la documentaci\u00f3n necesaria.\u00bb back_desc_size=\u00bb12&#8243; button_url=\u00bbhttps:\/\/mexicomusa.com\/es\/cruce-puente-us-mexico\/\u00bb button_target=\u00bb_blank\u00bb button_text=\u00bbM\u00e1s informaci\u00f3n\u00bb button_bg_color=\u00bb#23899c\u00bb button_bg_hover_color=\u00bb#dd3333&#8243;][\/vc_column][\/mk_page_section][mk_page_section][vc_column][mk_divider][vc_empty_space][vc_empty_space][mk_fancy_title color=\u00bb#146372&#8243; font_family=\u00bbnone\u00bb]\n<h3 style=\"text-align: center;\"><span style=\"color: #008080;\">NUESTRAS SOLUCIONES DE ALMACENAMIENTO<\/span><\/h3>\n[\/mk_fancy_title][\/vc_column][vc_column width=\u00bb1\/4&#8243;][vc_empty_space height=\u00bb15&#8243;][mk_flipbox back_background_color=\u00bb#e5e5e5&#8243; image=\u00bbhttps:\/\/mexicomusa.com\/wp-content\/uploads\/2024\/05\/crossdocking_es.png\u00bb front_title_color=\u00bb#ff3a3a\u00bb back_title=\u00bbCROSS-DOCKING\u00bb back_title_size=\u00bb18&#8243; back_title_color=\u00bb#146372&#8243; front_desc_color=\u00bb#146372&#8243; back_desc=\u00bbClasificamos r\u00e1pidamente los camiones entrantes y los transferimos a camiones de salida con un tiempo de almacenamiento m\u00ednimo. Este proceso eficiente optimiza la distribuci\u00f3n, reduce los costos de mantenimiento de inventario y mejora la velocidad y agilidad general de la cadena de suministro.\u00bb back_desc_size=\u00bb12&#8243; button_url=\u00bbhttps:\/\/mexicomusa.com\/es\/cross-docking\/\u00bb button_target=\u00bb_blank\u00bb button_text=\u00bbM\u00e1s informaci\u00f3n\u00bb button_bg_color=\u00bb#23899c\u00bb button_bg_hover_color=\u00bb#dd3333&#8243;][\/vc_column][vc_column width=\u00bb1\/4&#8243;][vc_empty_space height=\u00bb15&#8243;][mk_flipbox back_background_color=\u00bb#e5e5e5&#8243; image=\u00bbhttps:\/\/mexicomlogistics.com\/wp-content\/uploads\/2023\/10\/con_desconsolidacion.png\u00bb front_title_color=\u00bb#ff3a3a\u00bb back_title=\u00bbCONSOLIDACI\u00d3N Y DESCONSOLIDACI\u00d3N DE CARGA\u00bb back_title_size=\u00bb18&#8243; back_title_color=\u00bb#146372&#8243; front_desc_color=\u00bb#146372&#8243; back_desc=\u00bbCombinamos env\u00edos m\u00e1s peque\u00f1os de m\u00faltiples fuentes para crear un env\u00edo m\u00e1s rentable para un transporte eficiente. Adem\u00e1s, desintegramos un env\u00edo en unidades m\u00e1s peque\u00f1as para su distribuci\u00f3n final a destinatarios individuales o destinos.\u00bb back_desc_size=\u00bb12&#8243; button_url=\u00bbhttps:\/\/mexicomusa.com\/es\/consolidacion-desconsolidacion-cargas\/\u00bb button_target=\u00bb_blank\u00bb button_text=\u00bbM\u00e1s informaci\u00f3n\u00bb button_bg_color=\u00bb#23899c\u00bb button_bg_hover_color=\u00bb#dd3333&#8243;][\/vc_column][vc_column width=\u00bb1\/4&#8243;][vc_empty_space height=\u00bb15&#8243;][mk_flipbox back_background_color=\u00bb#e5e5e5&#8243; image=\u00bbhttps:\/\/mexicomlogistics.com\/wp-content\/uploads\/2023\/10\/corto_plazo.png\u00bb front_title_color=\u00bb#ff3a3a\u00bb back_title=\u00bbALMACENAMIENTO A CORTO PLAZO\u00bb back_title_size=\u00bb18&#8243; back_title_color=\u00bb#146372&#8243; front_desc_size=\u00bb12&#8243; front_desc_color=\u00bb#146372&#8243; back_desc=\u00bbEn nuestras instalaciones, almacenamos carga por un breve per\u00edodo, garantizando su seguridad y proporcionando flexibilidad y comodidad tanto para individuos como para las empresas.\u00bb back_desc_size=\u00bb12&#8243; button_url=\u00bbhttps:\/\/mexicomusa.com\/es\/almacemaniento-corto-plazo\/\u00bb button_target=\u00bb_blank\u00bb button_text=\u00bbM\u00e1s informaci\u00f3n\u00bb button_bg_color=\u00bb#23899c\u00bb button_bg_hover_color=\u00bb#dd3333&#8243;][\/vc_column][vc_column width=\u00bb1\/4&#8243;][vc_empty_space height=\u00bb15&#8243;][mk_flipbox back_background_color=\u00bb#e5e5e5&#8243; image=\u00bbhttps:\/\/mexicomusa.com\/wp-content\/uploads\/2024\/05\/transbordo_es.png\u00bb front_title_color=\u00bb#ff3a3a\u00bb back_title=\u00bbTRANSBORDO\u00bb back_title_size=\u00bb18&#8243; back_title_color=\u00bb#146372&#8243; front_desc_size=\u00bb12&#8243; front_desc_color=\u00bb#146372&#8243; back_desc=\u00bbTransferimos las mercanc\u00edas de los camiones Americanos a los camiones Mexicanos o vice versa en nuestro centro de distribuci\u00f3n en Laredo, Texas.\u00bb back_desc_size=\u00bb12&#8243; button_target=\u00bb_blank\u00bb button_bg_color=\u00bb#23899c\u00bb button_bg_hover_color=\u00bb#dd3333&#8243;][\/vc_column][vc_column][vc_empty_space][vc_empty_space][mk_button dimension=\u00bboutline\u00bb corner_style=\u00bbfull_rounded\u00bb size=\u00bblarge\u00bb icon_anim=\u00bbside\u00bb url=\u00bbhttps:\/\/mexicomusa.com\/es\/nuestros-servicios\/\u00bb target=\u00bb_blank\u00bb align=\u00bbcenter\u00bb outline_skin=\u00bbcustom\u00bb outline_active_text_color=\u00bb#de0c14&#8243; outline_hover_bg_color=\u00bb#de0c14&#8243; outline_hover_color=\u00bb#ffffff\u00bb]CONOCE M\u00c1S[\/mk_button][vc_empty_space][mk_divider][\/vc_column][\/mk_page_section][vc_row][vc_column width=\u00bb1\/4&#8243;][\/vc_column][vc_column width=\u00bb1\/2&#8243;][vc_empty_space][vc_empty_space][mk_blockquote font_family=\u00bbMontserrat\u00bb font_type=\u00bbgoogle\u00bb]\n<p style=\"text-align: center; text-transform: uppercase; color: #e20c14; margin-bottom: 2rem;\">LAS SOLUCIONES QUE IMPLENTAN EN MEXICOM USA PARA CADA SERVICIO SON LAS M\u00c1S PRECISAS Y ESO NOS HACE SEGUIR CRECIENDO JUNTOS.<\/p>\n<p style=\"text-align: center; text-transform: uppercase; color: #e20c14; margin-bottom: 2rem;\">LUIS PERALTA, GERENTE DE LOG\u00cdSTICA &#8211; ALTA STOCKMAN<\/p>\n[\/mk_blockquote][vc_empty_space][\/vc_column][vc_column width=\u00bb1\/4&#8243;][\/vc_column][\/vc_row][vc_row][vc_column width=\u00bb1\/4&#8243; css=\u00bb.vc_custom_1660226320356{padding-top: 2rem !important;padding-bottom: 2rem !important;}\u00bb][\/vc_column][vc_column width=\u00bb1\/2&#8243;][vc_single_image image=\u00bb2415&#8243; img_size=\u00bbfull\u00bb alignment=\u00bbcenter\u00bb css=\u00bb\u00bb][vc_column_text el_class=\u00bbcenter-left-background\u00bb css=\u00bb.vc_custom_1769110052751{margin-bottom: 0px !important;background-position: center !important;background-repeat: no-repeat !important;background-size: cover !important;}\u00bb]\n<p style=\"font-size: 36px; color: #199bac; text-transform: uppercase; font-weight: 800; line-height: 1.2em; text-align: center;\"><span class=\"mex-blocked-text\">TRANSPORTISTA,<\/span><\/p>\n<p style=\"font-size: 36px; color: #199bac; text-transform: uppercase; font-weight: 800; line-height: 1.2em; text-align: center;\"><span class=\"mex-blocked-text\">\u00a1\u00daNETE A MEXICOM USA!<\/span><\/p>\n[\/vc_column_text][vc_empty_space][mk_button dimension=\u00bboutline\u00bb corner_style=\u00bbfull_rounded\u00bb size=\u00bblarge\u00bb icon_anim=\u00bbside\u00bb target=\u00bb_blank\u00bb align=\u00bbcenter\u00bb outline_skin=\u00bbcustom\u00bb outline_active_text_color=\u00bb#de0c14&#8243; outline_hover_bg_color=\u00bb#de0c14&#8243; outline_hover_color=\u00bb#ffffff\u00bb]TRABAJA CON NOSOTROS[\/mk_button][\/vc_column][vc_column width=\u00bb1\/4&#8243;][\/vc_column][\/vc_row][vc_row equal_columns=\u00bbtrue\u00bb][vc_column][mk_divider margin_top=\u00bb5&#8243; margin_bottom=\u00bb5&#8243;][\/vc_column][\/vc_row][vc_row css=\u00bb.vc_custom_1655732601963{margin-bottom: 2rem !important;}\u00bb][vc_column width=\u00bb1\/4&#8243;][\/vc_column][vc_column width=\u00bb1\/2&#8243;][vc_empty_space][vc_empty_space][vc_empty_space][vc_single_image image=\u00bb68&#8243; img_size=\u00bb260&#215;120&#8243; alignment=\u00bbcenter\u00bb][mk_fancy_title color=\u00bb#e20c14&#8243; size=\u00bb20&#8243; font_weight=\u00bbbold\u00bb margin_bottom=\u00bb5&#8243; font_family=\u00bbnone\u00bb]\n<p style=\"text-align: center;\">\u00bfEst\u00e1s buscando m\u00e1s soluciones en Am\u00e9rica del Norte?<\/p>\n<p style=\"text-align: center;\">Obt\u00e9n m\u00e1s informaci\u00f3n sobre &#8211; Mexicom Group\u00ae<\/p>\n[\/mk_fancy_title][vc_column_text css=\u00bb.vc_custom_1701278274874{margin-bottom: 0px !important;}\u00bb]\n<p class=\"p1\" style=\"text-align: center;\">UN GRUPO DE EMPRESAS ENFOCADAS EN CREAR CADENAS DE SUMINISTRO EXITOSAS EN LAS FRONTERAS DE AM\u00c9RICA DEL NORTE.<\/p>\n[\/vc_column_text][mk_button dimension=\u00bboutline\u00bb corner_style=\u00bbfull_rounded\u00bb size=\u00bblarge\u00bb icon_anim=\u00bbside\u00bb url=\u00bbhttps:\/\/mexicomgroup.com\/\u00bb target=\u00bb_blank\u00bb align=\u00bbcenter\u00bb el_class=\u00bbmexicomgroup-button\u00bb outline_skin=\u00bbcustom\u00bb outline_active_text_color=\u00bb#de0c14&#8243; outline_hover_bg_color=\u00bb#de0c14&#8243; outline_hover_color=\u00bb#ffffff\u00bb]mexicomgroup.com[\/mk_button][\/vc_column][vc_column width=\u00bb1\/4&#8243;][\/vc_column][\/vc_row][vc_row][vc_column][vc_empty_space][vc_empty_space][vc_empty_space][mk_fancy_title color=\u00bb#146372&#8243; font_family=\u00bbnone\u00bb]\n<h3 style=\"text-align: center;\"><span style=\"color: #008080;\">NUESTRO BLOG<\/span><\/h3>\n[\/mk_fancy_title][vc_empty_space][mk_blog_carousel][\/vc_column][\/vc_row][vc_row][vc_column][\/vc_column][\/vc_row]\n<\/div>","protected":false},"excerpt":{"rendered":"<p>[vc_row id=\u00bbHomeSlideShow\u00bb][vc_column][layerslider_vc id=\u00bb34&#8243;][\/vc_column][\/vc_row][vc_row css=\u00bb.vc_custom_1655732593737{margin-bottom: 2rem !important;}\u00bb][vc_column][mk_fancy_title color=\u00bb#e20c14&#8243; size=\u00bb24&#8243; font_weight=\u00bbbold\u00bb txt_transform=\u00bbuppercase\u00bb margin_bottom=\u00bb5&#8243; font_family=\u00bbnone\u00bb] BIENVENIDO A MEXICOM USA\u00ae [\/mk_fancy_title][vc_column_text css=\u00bb.vc_custom_1769109889647{margin-bottom: 0px !important;}\u00bb] Con sede en Estados Unidos, Mexicom USA ofrece servicios de transporte terrestre confiables y conformes en toda Norteam\u00e9rica. Nuestro equipo con base en EE. UU. coordina env\u00edos transfronterizos entre M\u00e9xico y Estados Unidos y gestiona [&hellip;]<\/p>\n","protected":false},"author":1,"featured_media":0,"parent":0,"menu_order":1,"comment_status":"closed","ping_status":"closed","template":"","meta":{"content-type":"","footnotes":""},"class_list":["post-707","page","type-page","status-publish","hentry"],"yoast_head":"<!-- This site is optimized with the Yoast SEO plugin v27.3 - https:\/\/yoast.com\/product\/yoast-seo-wordpress\/ -->\n<title>P\u00e1gina Inicio - MexicomUSA<\/title>\n<meta name=\"description\" content=\"Con sede en Estados Unidos, Mexicom USA ofrece servicios de transporte terrestre confiables y conformes en toda Norteam\u00e9rica. Nuestro equipo con base en EE. UU. coordina env\u00edos transfronterizos entre M\u00e9xico y Estados Unidos y gestiona carga dom\u00e9stica dentro de EE. UU., incluyendo transporte de carga, consolidaci\u00f3n, cross-docking, cruce de puente y almacenamiento a corto plazo en Laredo. Tambi\u00e9n operamos nuestra propia bodega para apoyar una log\u00edstica eficiente y un manejo seguro.Mexicom USA es un transportista autorizado en EE. UU. (MC-1109435), opera bajo autoridad federal activa y cumple con los est\u00e1ndares requeridos para el transporte interestatal.\" \/>\n<meta name=\"robots\" content=\"index, follow, max-snippet:-1, max-image-preview:large, max-video-preview:-1\" \/>\n<link rel=\"canonical\" href=\"https:\/\/mexicomusa.com\/es\/\" \/>\n<meta property=\"og:locale\" content=\"es_ES\" \/>\n<meta property=\"og:type\" content=\"article\" \/>\n<meta property=\"og:title\" content=\"P\u00e1gina Inicio - MexicomUSA\" \/>\n<meta property=\"og:description\" content=\"Con sede en Estados Unidos, Mexicom USA ofrece servicios de transporte terrestre confiables y conformes en toda Norteam\u00e9rica. Nuestro equipo con base en EE. UU. coordina env\u00edos transfronterizos entre M\u00e9xico y Estados Unidos y gestiona carga dom\u00e9stica dentro de EE. UU., incluyendo transporte de carga, consolidaci\u00f3n, cross-docking, cruce de puente y almacenamiento a corto plazo en Laredo. Tambi\u00e9n operamos nuestra propia bodega para apoyar una log\u00edstica eficiente y un manejo seguro.Mexicom USA es un transportista autorizado en EE. UU. (MC-1109435), opera bajo autoridad federal activa y cumple con los est\u00e1ndares requeridos para el transporte interestatal.\" \/>\n<meta property=\"og:url\" content=\"https:\/\/mexicomusa.com\/es\/\" \/>\n<meta property=\"og:site_name\" content=\"MexicomUSA\" \/>\n<meta property=\"article:modified_time\" content=\"2026-01-22T19:29:02+00:00\" \/>\n<meta name=\"twitter:card\" content=\"summary_large_image\" \/>\n<meta name=\"twitter:label1\" content=\"Tiempo de lectura\" \/>\n\t<meta name=\"twitter:data1\" content=\"4 minutos\" \/>\n<script type=\"application\/ld+json\" class=\"yoast-schema-graph\">{\"@context\":\"https:\\\/\\\/schema.org\",\"@graph\":[{\"@type\":\"WebPage\",\"@id\":\"https:\\\/\\\/mexicomusa.com\\\/es\\\/\",\"url\":\"https:\\\/\\\/mexicomusa.com\\\/es\\\/\",\"name\":\"P\u00e1gina Inicio - MexicomUSA\",\"isPartOf\":{\"@id\":\"https:\\\/\\\/mexicomusa.com\\\/es\\\/#website\"},\"datePublished\":\"2022-06-20T13:38:09+00:00\",\"dateModified\":\"2026-01-22T19:29:02+00:00\",\"description\":\"Con sede en Estados Unidos, Mexicom USA ofrece servicios de transporte terrestre confiables y conformes en toda Norteam\u00e9rica. Nuestro equipo con base en EE. UU. coordina env\u00edos transfronterizos entre M\u00e9xico y Estados Unidos y gestiona carga dom\u00e9stica dentro de EE. UU., incluyendo transporte de carga, consolidaci\u00f3n, cross-docking, cruce de puente y almacenamiento a corto plazo en Laredo. Tambi\u00e9n operamos nuestra propia bodega para apoyar una log\u00edstica eficiente y un manejo seguro.Mexicom USA es un transportista autorizado en EE. UU. (MC-1109435), opera bajo autoridad federal activa y cumple con los est\u00e1ndares requeridos para el transporte interestatal.\",\"breadcrumb\":{\"@id\":\"https:\\\/\\\/mexicomusa.com\\\/es\\\/#breadcrumb\"},\"inLanguage\":\"es\",\"potentialAction\":[{\"@type\":\"ReadAction\",\"target\":[\"https:\\\/\\\/mexicomusa.com\\\/es\\\/\"]}]},{\"@type\":\"BreadcrumbList\",\"@id\":\"https:\\\/\\\/mexicomusa.com\\\/es\\\/#breadcrumb\",\"itemListElement\":[{\"@type\":\"ListItem\",\"position\":1,\"name\":\"Home\",\"item\":\"https:\\\/\\\/mexicomusa.com\\\/es\\\/\"},{\"@type\":\"ListItem\",\"position\":2,\"name\":\"P\u00e1gina Inicio\"}]},{\"@type\":\"WebSite\",\"@id\":\"https:\\\/\\\/mexicomusa.com\\\/es\\\/#website\",\"url\":\"https:\\\/\\\/mexicomusa.com\\\/es\\\/\",\"name\":\"Mexicom USA\",\"description\":\"\",\"publisher\":{\"@id\":\"https:\\\/\\\/mexicomusa.com\\\/es\\\/#organization\"},\"potentialAction\":[{\"@type\":\"SearchAction\",\"target\":{\"@type\":\"EntryPoint\",\"urlTemplate\":\"https:\\\/\\\/mexicomusa.com\\\/es\\\/?s={search_term_string}\"},\"query-input\":{\"@type\":\"PropertyValueSpecification\",\"valueRequired\":true,\"valueName\":\"search_term_string\"}}],\"inLanguage\":\"es\"},{\"@type\":\"Organization\",\"@id\":\"https:\\\/\\\/mexicomusa.com\\\/es\\\/#organization\",\"name\":\"Mexicom USA\",\"url\":\"https:\\\/\\\/mexicomusa.com\\\/es\\\/\",\"logo\":{\"@type\":\"ImageObject\",\"inLanguage\":\"es\",\"@id\":\"https:\\\/\\\/mexicomusa.com\\\/es\\\/#\\\/schema\\\/logo\\\/image\\\/\",\"url\":\"https:\\\/\\\/mexicomusa.com\\\/wp-content\\\/uploads\\\/2022\\\/04\\\/cropped-MEXICOMUSA-COLOR.png\",\"contentUrl\":\"https:\\\/\\\/mexicomusa.com\\\/wp-content\\\/uploads\\\/2022\\\/04\\\/cropped-MEXICOMUSA-COLOR.png\",\"width\":1080,\"height\":566,\"caption\":\"Mexicom USA\"},\"image\":{\"@id\":\"https:\\\/\\\/mexicomusa.com\\\/es\\\/#\\\/schema\\\/logo\\\/image\\\/\"}}]}<\/script>\n<!-- \/ Yoast SEO plugin. -->","yoast_head_json":{"title":"P\u00e1gina Inicio - MexicomUSA","description":"Con sede en Estados Unidos, Mexicom USA ofrece servicios de transporte terrestre confiables y conformes en toda Norteam\u00e9rica. Nuestro equipo con base en EE. UU. coordina env\u00edos transfronterizos entre M\u00e9xico y Estados Unidos y gestiona carga dom\u00e9stica dentro de EE. UU., incluyendo transporte de carga, consolidaci\u00f3n, cross-docking, cruce de puente y almacenamiento a corto plazo en Laredo. Tambi\u00e9n operamos nuestra propia bodega para apoyar una log\u00edstica eficiente y un manejo seguro.Mexicom USA es un transportista autorizado en EE. UU. (MC-1109435), opera bajo autoridad federal activa y cumple con los est\u00e1ndares requeridos para el transporte interestatal.","robots":{"index":"index","follow":"follow","max-snippet":"max-snippet:-1","max-image-preview":"max-image-preview:large","max-video-preview":"max-video-preview:-1"},"canonical":"https:\/\/mexicomusa.com\/es\/","og_locale":"es_ES","og_type":"article","og_title":"P\u00e1gina Inicio - MexicomUSA","og_description":"Con sede en Estados Unidos, Mexicom USA ofrece servicios de transporte terrestre confiables y conformes en toda Norteam\u00e9rica. Nuestro equipo con base en EE. UU. coordina env\u00edos transfronterizos entre M\u00e9xico y Estados Unidos y gestiona carga dom\u00e9stica dentro de EE. UU., incluyendo transporte de carga, consolidaci\u00f3n, cross-docking, cruce de puente y almacenamiento a corto plazo en Laredo. Tambi\u00e9n operamos nuestra propia bodega para apoyar una log\u00edstica eficiente y un manejo seguro.Mexicom USA es un transportista autorizado en EE. UU. (MC-1109435), opera bajo autoridad federal activa y cumple con los est\u00e1ndares requeridos para el transporte interestatal.","og_url":"https:\/\/mexicomusa.com\/es\/","og_site_name":"MexicomUSA","article_modified_time":"2026-01-22T19:29:02+00:00","twitter_card":"summary_large_image","twitter_misc":{"Tiempo de lectura":"4 minutos"},"schema":{"@context":"https:\/\/schema.org","@graph":[{"@type":"WebPage","@id":"https:\/\/mexicomusa.com\/es\/","url":"https:\/\/mexicomusa.com\/es\/","name":"P\u00e1gina Inicio - MexicomUSA","isPartOf":{"@id":"https:\/\/mexicomusa.com\/es\/#website"},"datePublished":"2022-06-20T13:38:09+00:00","dateModified":"2026-01-22T19:29:02+00:00","description":"Con sede en Estados Unidos, Mexicom USA ofrece servicios de transporte terrestre confiables y conformes en toda Norteam\u00e9rica. Nuestro equipo con base en EE. UU. coordina env\u00edos transfronterizos entre M\u00e9xico y Estados Unidos y gestiona carga dom\u00e9stica dentro de EE. UU., incluyendo transporte de carga, consolidaci\u00f3n, cross-docking, cruce de puente y almacenamiento a corto plazo en Laredo. Tambi\u00e9n operamos nuestra propia bodega para apoyar una log\u00edstica eficiente y un manejo seguro.Mexicom USA es un transportista autorizado en EE. UU. (MC-1109435), opera bajo autoridad federal activa y cumple con los est\u00e1ndares requeridos para el transporte interestatal.","breadcrumb":{"@id":"https:\/\/mexicomusa.com\/es\/#breadcrumb"},"inLanguage":"es","potentialAction":[{"@type":"ReadAction","target":["https:\/\/mexicomusa.com\/es\/"]}]},{"@type":"BreadcrumbList","@id":"https:\/\/mexicomusa.com\/es\/#breadcrumb","itemListElement":[{"@type":"ListItem","position":1,"name":"Home","item":"https:\/\/mexicomusa.com\/es\/"},{"@type":"ListItem","position":2,"name":"P\u00e1gina Inicio"}]},{"@type":"WebSite","@id":"https:\/\/mexicomusa.com\/es\/#website","url":"https:\/\/mexicomusa.com\/es\/","name":"Mexicom USA","description":"","publisher":{"@id":"https:\/\/mexicomusa.com\/es\/#organization"},"potentialAction":[{"@type":"SearchAction","target":{"@type":"EntryPoint","urlTemplate":"https:\/\/mexicomusa.com\/es\/?s={search_term_string}"},"query-input":{"@type":"PropertyValueSpecification","valueRequired":true,"valueName":"search_term_string"}}],"inLanguage":"es"},{"@type":"Organization","@id":"https:\/\/mexicomusa.com\/es\/#organization","name":"Mexicom USA","url":"https:\/\/mexicomusa.com\/es\/","logo":{"@type":"ImageObject","inLanguage":"es","@id":"https:\/\/mexicomusa.com\/es\/#\/schema\/logo\/image\/","url":"https:\/\/mexicomusa.com\/wp-content\/uploads\/2022\/04\/cropped-MEXICOMUSA-COLOR.png","contentUrl":"https:\/\/mexicomusa.com\/wp-content\/uploads\/2022\/04\/cropped-MEXICOMUSA-COLOR.png","width":1080,"height":566,"caption":"Mexicom USA"},"image":{"@id":"https:\/\/mexicomusa.com\/es\/#\/schema\/logo\/image\/"}}]}},"_links":{"self":[{"href":"https:\/\/mexicomusa.com\/es\/wp-json\/wp\/v2\/pages\/707","targetHints":{"allow":["GET"]}}],"collection":[{"href":"https:\/\/mexicomusa.com\/es\/wp-json\/wp\/v2\/pages"}],"about":[{"href":"https:\/\/mexicomusa.com\/es\/wp-json\/wp\/v2\/types\/page"}],"author":[{"embeddable":true,"href":"https:\/\/mexicomusa.com\/es\/wp-json\/wp\/v2\/users\/1"}],"replies":[{"embeddable":true,"href":"https:\/\/mexicomusa.com\/es\/wp-json\/wp\/v2\/comments?post=707"}],"version-history":[{"count":7,"href":"https:\/\/mexicomusa.com\/es\/wp-json\/wp\/v2\/pages\/707\/revisions"}],"predecessor-version":[{"id":2495,"href":"https:\/\/mexicomusa.com\/es\/wp-json\/wp\/v2\/pages\/707\/revisions\/2495"}],"wp:attachment":[{"href":"https:\/\/mexicomusa.com\/es\/wp-json\/wp\/v2\/media?parent=707"}],"curies":[{"name":"wp","href":"https:\/\/api.w.org\/{rel}","templated":true}]}}