{"id":1772,"date":"2022-08-31T10:13:27","date_gmt":"2022-08-31T14:13:27","guid":{"rendered":"https:\/\/mexicomusa.com\/haul-for-us-in-the-us\/"},"modified":"2023-12-11T11:09:00","modified_gmt":"2023-12-11T16:09:00","slug":"transportistas","status":"publish","type":"page","link":"https:\/\/mexicomusa.com\/es\/transportistas\/","title":{"rendered":"Transportistas"},"content":{"rendered":"<div class=\"wpb-content-wrapper\">[mk_page_section][vc_column][layerslider_vc id=\u00bb26&#8243;][vc_empty_space][\/vc_column][\/mk_page_section][mk_page_section][vc_column width=\u00bb1\/6&#8243;][\/vc_column][vc_column width=\u00bb2\/3&#8243;][vc_empty_space][mk_fancy_title color=\u00bb#e20c14&#8243; size=\u00bb24&#8243; font_weight=\u00bbbold\u00bb font_family=\u00bbnone\u00bb]\n<p style=\"text-align: center;\">\u00bfERES TRANSPORTISTA EN ESTADOS UNIDOS?<\/p>\n[\/mk_fancy_title][vc_column_text css=\u00bb.vc_custom_1702071568594{margin-bottom: 0px !important;}\u00bb]\n<h4 style=\"text-align: center;\">\u00a1Transporta con Mexicom USA!<\/h4>\n<p style=\"text-align: center;\">Mantenemos flujo constante de env\u00edos en todo Estados Unidos.<\/p>\n[\/vc_column_text][vc_empty_space][\/vc_column][vc_column width=\u00bb1\/6&#8243;][\/vc_column][\/mk_page_section][mk_page_section sidebar=\u00bbsidebar-1&#8243;][vc_column width=\u00bb1\/6&#8243;][\/vc_column][vc_column border_color=\u00bb#e2e2e2&#8243; width=\u00bb2\/3&#8243; css=\u00bb.vc_custom_1686020967205{background-color: #f4f4f4 !important;}\u00bb][vc_column_text css=\u00bb.vc_custom_1702071697888{margin-bottom: 0px !important;}\u00bb]<span style=\"color: #d80300;\">PROTECCI\u00d3N CONTRA ACTIVIDADES FRAUDULENTAS: <\/span>Mexicom USA siempre proporciona confirmaciones de carga y asignaciones a trav\u00e9s de endosos oficiales por escrito, nunca \u00fanicamente a trav\u00e9s de comunicaci\u00f3n telef\u00f3nica. Si tienes alguna incertidumbre, por favor consulta los n\u00fameros de contacto oficiales y los formularios enumerados en esta p\u00e1gina para comunicarte con nosotros.[\/vc_column_text][\/vc_column][vc_column width=\u00bb1\/6&#8243;][\/vc_column][\/mk_page_section][mk_page_section][vc_column][vc_empty_space][vc_single_image image=\u00bb1777&#8243; img_size=\u00bblarge\u00bb alignment=\u00bbcenter\u00bb css_animation=\u00bbslideInLeft\u00bb][\/vc_column][\/mk_page_section][mk_page_section][vc_column width=\u00bb1\/6&#8243;][\/vc_column][vc_column width=\u00bb2\/3&#8243;][vc_empty_space][mk_blockquote style=\u00bbline-style\u00bb font_family=\u00bbnone\u00bb]\n<p style=\"text-align: center;\">\u00abMover carga para Mexicom me brinda certeza, especialmente en lo que respecta a los pagos.\u201d<\/p>\n<p style=\"text-align: center;\">&#8211; Luis Gonz\u00e1lez<\/p>\n<p style=\"text-align: center;\">(cliente satisfecho)<\/p>\n[\/mk_blockquote][vc_empty_space][\/vc_column][vc_column width=\u00bb1\/6&#8243;][\/vc_column][\/mk_page_section][mk_page_section][vc_column width=\u00bb1\/6&#8243;][\/vc_column][vc_column width=\u00bb2\/3&#8243;][vc_empty_space][mk_fancy_title color=\u00bb#e20c14&#8243; size=\u00bb24&#8243; font_family=\u00bbnone\u00bb]\n<div class=\"flex-1 overflow-hidden\">\n<div class=\"react-scroll-to-bottom--css-nseca-79elbk h-full\">\n<div class=\"react-scroll-to-bottom--css-nseca-1n7m0yu\">\n<div class=\"flex flex-col pb-9 text-sm\">\n<div class=\"w-full text-token-text-primary\" data-testid=\"conversation-turn-19\">\n<div class=\"px-4 py-2 justify-center text-base md:gap-6 m-auto\">\n<div class=\"flex flex-1 text-base mx-auto gap-3 md:px-5 lg:px-1 xl:px-5 md:max-w-3xl lg:max-w-[40rem] xl:max-w-[48rem] } group final-completion\">\n<div class=\"relative flex w-full flex-col lg:w-[calc(100%-115px)] agent-turn\">\n<div class=\"flex-col gap-1 md:gap-3\">\n<div class=\"flex flex-grow flex-col max-w-full\">\n<div class=\"min-h-[20px] text-message flex flex-col items-start gap-3 whitespace-pre-wrap break-words [.text-message+&amp;]:mt-5 overflow-x-auto\" data-message-author-role=\"assistant\" data-message-id=\"4ae388d3-5675-47e3-a239-86ea7ceeed9a\">\n<div class=\"markdown prose w-full break-words dark:prose-invert light\">\n<p style=\"text-align: center;\">DESCUBRE LAS VENTAJAS DE CONVERTIRTE EN TRANSPORTISTA DE MEXICOM USA<\/p>\n<\/div>\n<\/div>\n<\/div>\n<\/div>\n<\/div>\n<\/div>\n<\/div>\n<\/div>\n<\/div>\n<\/div>\n<\/div>\n<\/div>\n[\/mk_fancy_title][\/vc_column][vc_column width=\u00bb1\/6&#8243;][\/vc_column][\/mk_page_section][mk_page_section][vc_column][vc_empty_space][vc_row_inner][vc_column_inner width=\u00bb1\/6&#8243;][vc_single_image image=\u00bb240&#8243; img_size=\u00bb75&#215;77&#8243; alignment=\u00bbright\u00bb css_animation=\u00bbbottom-to-top\u00bb][vc_empty_space height=\u00bb40px\u00bb][\/vc_column_inner][vc_column_inner width=\u00bb4\/6&#8243;][vc_column_text css=\u00bb.vc_custom_1685930697538{margin-bottom: 0px !important;}\u00bb]<span style=\"color: #199bac;\">[\/vc_column_text][vc_column_text css=\u00bb.vc_custom_1702071858954{margin-bottom: 0px !important;}\u00bb]<span style=\"color: #199bac;\">CONFIABILIDAD<\/span>[\/vc_column_text][vc_column_text css=\u00bb.vc_custom_1702071898333{margin-bottom: 0px !important;}\u00bb]Mexicom USA se ha establecido con \u00e9xito como una empresa confiable en la industria de transporte de carga y log\u00edstica en todo Estados Unidos y a lo largo de Am\u00e9rica del Norte.[\/vc_column_text][\/vc_column_inner][vc_column_inner width=\u00bb1\/6&#8243;][\/vc_column_inner][\/vc_row_inner][vc_row_inner][vc_column_inner width=\u00bb1\/6&#8243;][vc_single_image image=\u00bb240&#8243; img_size=\u00bb75&#215;77&#8243; alignment=\u00bbright\u00bb css_animation=\u00bbbottom-to-top\u00bb][vc_empty_space height=\u00bb40px\u00bb][\/vc_column_inner][vc_column_inner width=\u00bb4\/6&#8243;][vc_column_text css=\u00bb.vc_custom_1702072001279{margin-bottom: 0px !important;}\u00bb]<span style=\"color: #199bac;\">PAGOS PUNTUALES CON M\u00c9TODOS DE PAGO CONVENIENTES<\/span>[\/vc_column_text][vc_column_text css=\u00bb.vc_custom_1702072150404{margin-bottom: 0px !important;}\u00bb]Mexicom USA brinda flexibilidad, permitiendo que todos los transportistas elijan el m\u00e9todo de pago que mejor les convenga y se compromete a realizar todos los pagos de manera puntual.[\/vc_column_text][\/vc_column_inner][vc_column_inner width=\u00bb1\/6&#8243;][\/vc_column_inner][\/vc_row_inner][vc_row_inner][vc_column_inner width=\u00bb1\/6&#8243;][vc_single_image image=\u00bb240&#8243; img_size=\u00bb75&#215;77&#8243; alignment=\u00bbright\u00bb css_animation=\u00bbbottom-to-top\u00bb][vc_empty_space height=\u00bb40px\u00bb][\/vc_column_inner][vc_column_inner width=\u00bb4\/6&#8243;][vc_column_text css=\u00bb.vc_custom_1702072337354{margin-bottom: 0px !important;}\u00bb]<span style=\"color: #199bac;\">FLEXIBILIDAD DE CR\u00c9DITO ES UNA DE NUESTRAS GRANDES VENTAJAS<\/span><\/span><\/p>\n<div class=\"flex-1 overflow-hidden\">\n<div class=\"react-scroll-to-bottom--css-nseca-79elbk h-full\">\n<div class=\"react-scroll-to-bottom--css-nseca-1n7m0yu\">\n<div class=\"flex flex-col pb-9 text-sm\">\n<div class=\"w-full text-token-text-primary\" data-testid=\"conversation-turn-29\">\n<div class=\"px-4 py-2 justify-center text-base md:gap-6 m-auto\">\n<div class=\"flex flex-1 text-base mx-auto gap-3 md:px-5 lg:px-1 xl:px-5 md:max-w-3xl lg:max-w-[40rem] xl:max-w-[48rem] } group final-completion\">\n<div class=\"relative flex w-full flex-col lg:w-[calc(100%-115px)] agent-turn\">\n<div class=\"flex-col gap-1 md:gap-3\">\n<div class=\"mt-1 flex justify-start gap-3 empty:hidden\">\n<div class=\"text-gray-400 flex self-end lg:self-center justify-center lg:justify-start mt-0 gap-1 visible\">\n<div class=\"flex gap-1\"><\/div>\n<div class=\"flex items-center gap-1.5 text-xs\"><\/div>\n<\/div>\n<\/div>\n<\/div>\n<\/div>\n<\/div>\n<\/div>\n<\/div>\n<\/div>\n<\/div>\n<\/div>\n<\/div>\n<div class=\"w-full pt-2 md:pt-0 dark:border-white\/20 md:border-transparent md:dark:border-transparent md:w-[calc(100%-.5rem)]\">\n<form class=\"stretch mx-2 flex flex-row gap-3 last:mb-2 md:mx-4 md:last:mb-6 lg:mx-auto lg:max-w-2xl xl:max-w-3xl\">\n<div class=\"relative flex h-full flex-1 items-stretch md:flex-col\">\n<div class=\"flex w-full items-center\"><\/div>\n<\/div>\n<\/form>\n<\/div>\n[\/vc_column_text][vc_column_text css=\u00bb.vc_custom_1702072275892{margin-bottom: 0px !important;}\u00bb]Mexicom USA prioriza la flexibilidad en sus tratos con transportistas, ajustando los t\u00e9rminos de cr\u00e9dito de manera que se alineen perfectamente con las necesidades de nuestros proveedores.[\/vc_column_text][\/vc_column_inner][vc_column_inner width=\u00bb1\/6&#8243;][\/vc_column_inner][\/vc_row_inner][vc_row_inner][vc_column_inner width=\u00bb1\/6&#8243;][vc_single_image image=\u00bb240&#8243; img_size=\u00bb75&#215;77&#8243; alignment=\u00bbright\u00bb css_animation=\u00bbbottom-to-top\u00bb][vc_empty_space height=\u00bb40px\u00bb][\/vc_column_inner][vc_column_inner width=\u00bb4\/6&#8243;][vc_column_text css=\u00bb.vc_custom_1702072330295{margin-bottom: 0px !important;}\u00bb]<span style=\"color: #199bac;\">PAGO EN LA MONEDA QUE FUNCIONE MEJOR PARA TI<\/span>[\/vc_column_text][vc_column_text css=\u00bb.vc_custom_1702072391956{margin-bottom: 0px !important;}\u00bb]Mexicom USA opera como parte de Mexicom Group, con presencia en toda Am\u00e9rica del Norte. Para facilitar transacciones sin problemas, permitimos que nuestros transportistas realicen pagos en su moneda preferida, ya sea en d\u00f3lares canadienses, d\u00f3lares estadounidenses o pesos mexicanos.[\/vc_column_text][\/vc_column_inner][vc_column_inner width=\u00bb1\/6&#8243;][\/vc_column_inner][\/vc_row_inner][vc_row_inner][vc_column_inner width=\u00bb1\/6&#8243;][vc_single_image image=\u00bb240&#8243; img_size=\u00bb75&#215;77&#8243; alignment=\u00bbright\u00bb css_animation=\u00bbbottom-to-top\u00bb][vc_empty_space height=\u00bb40px\u00bb][\/vc_column_inner][vc_column_inner width=\u00bb4\/6&#8243;][vc_column_text css=\u00bb.vc_custom_1702072439914{margin-bottom: 0px !important;}\u00bb]<span style=\"color: #199bac;\">RESEREVA Y PROGRAMA DE CARGA<\/span>[\/vc_column_text][vc_column_text css=\u00bb.vc_custom_1702072522803{margin-bottom: 0px !important;}\u00bb]Mexicom USA programa las cargas de los transportistas con anticipaci\u00f3n debido a que la mayor\u00eda de nuestras cargas de proyectos son gestionadas a trav\u00e9s de acuerdos contractuales.[\/vc_column_text][\/vc_column_inner][vc_column_inner width=\u00bb1\/6&#8243;][\/vc_column_inner][\/vc_row_inner][vc_row_inner][vc_column_inner width=\u00bb1\/6&#8243;][vc_single_image image=\u00bb240&#8243; img_size=\u00bb75&#215;77&#8243; alignment=\u00bbright\u00bb css_animation=\u00bbbottom-to-top\u00bb][vc_empty_space height=\u00bb40px\u00bb][\/vc_column_inner][vc_column_inner width=\u00bb4\/6&#8243;][vc_column_text css=\u00bb.vc_custom_1702072595509{margin-bottom: 0px !important;}\u00bb]<span style=\"color: #199bac;\">NO HAY TRASLADOS DE REGRESO VAC\u00cdOS\u00a0<\/span><\/p>\n<div class=\"w-full pt-2 md:pt-0 dark:border-white\/20 md:border-transparent md:dark:border-transparent md:w-[calc(100%-.5rem)]\">\n<form class=\"stretch mx-2 flex flex-row gap-3 last:mb-2 md:mx-4 md:last:mb-6 lg:mx-auto lg:max-w-2xl xl:max-w-3xl\">\n<div class=\"relative flex h-full flex-1 items-stretch md:flex-col\">\n<div class=\"flex w-full items-center\"><\/div>\n<\/div>\n<\/form>\n<\/div>\n[\/vc_column_text][vc_column_text css=\u00bb.vc_custom_1702072644134{margin-bottom: 0px !important;}\u00bb]Mexicom USA est\u00e1 experimentando un crecimiento exponencial y el sector de env\u00edo de carga est\u00e1 experimentando una alta demanda. Considerando ambos factores, nos permite seguir exportando e importando carga en varias rutas diferentes.[\/vc_column_text][\/vc_column_inner][vc_column_inner width=\u00bb1\/6&#8243;][\/vc_column_inner][\/vc_row_inner][vc_empty_space height=\u00bb40px\u00bb][vc_empty_space height=\u00bb50px\u00bb][vc_row_inner][vc_column_inner][mk_button dimension=\u00bboutline\u00bb corner_style=\u00bbfull_rounded\u00bb size=\u00bblarge\u00bb icon_anim=\u00bbside\u00bb url=\u00bbhttps:\/\/mexicomusa.com\/es\/nosotros\/\u00bb target=\u00bb_blank\u00bb align=\u00bbcenter\u00bb outline_skin=\u00bbcustom\u00bb outline_active_text_color=\u00bb#de0c14&#8243; outline_hover_bg_color=\u00bb#de0c14&#8243; outline_hover_color=\u00bb#ffffff\u00bb]Descubre m\u00e1s acerca de Mexicom USA[\/mk_button][\/vc_column_inner][\/vc_row_inner][vc_empty_space height=\u00bb40px\u00bb][vc_empty_space height=\u00bb40px\u00bb][vc_empty_space height=\u00bb40px\u00bb][\/vc_column][\/mk_page_section][mk_page_section][vc_column width=\u00bb1\/6&#8243;][\/vc_column][vc_column width=\u00bb2\/3&#8243;][mk_fancy_title color=\u00bb#e20c14&#8243; size=\u00bb24&#8243; font_family=\u00bbnone\u00bb]\n<p style=\"text-align: center;\">\u00a1VUELVETE CARRIER DE MEXICOM USA HOY!<\/p>\n[\/mk_fancy_title][vc_empty_space][\/vc_column][vc_column width=\u00bb1\/6&#8243;][\/vc_column][\/mk_page_section][mk_page_section][vc_column width=\u00bb1\/2&#8243;][vc_column_text css=\u00bb.vc_custom_1702072738545{margin-bottom: 0px !important;}\u00bb]\n<p style=\"text-align: center;\"><span style=\"color: #199bac;\">CARRIERS AMERICANOS<\/span><\/p>\n[\/vc_column_text][mk_button dimension=\u00bboutline\u00bb corner_style=\u00bbfull_rounded\u00bb size=\u00bblarge\u00bb icon_anim=\u00bbside\u00bb url=\u00bbhttps:\/\/mexicomusa.com\/carrier-form\/\u00bb target=\u00bb_blank\u00bb align=\u00bbcenter\u00bb outline_skin=\u00bbcustom\u00bb outline_active_text_color=\u00bb#de0c14&#8243; outline_hover_bg_color=\u00bb#de0c14&#8243; outline_hover_color=\u00bb#ffffff\u00bb]Completa Nuestro Formato de Registro (en ingl\u00e9s)[\/mk_button][vc_empty_space][\/vc_column][vc_column width=\u00bb1\/2&#8243;][vc_column_text css=\u00bb.vc_custom_1702072749644{margin-bottom: 0px !important;}\u00bb]\n<p style=\"text-align: center;\"><span style=\"color: #199bac;\">CARRIERS MEXICANOS<\/span><\/p>\n[\/vc_column_text][mk_button dimension=\u00bboutline\u00bb corner_style=\u00bbfull_rounded\u00bb size=\u00bblarge\u00bb icon_anim=\u00bbside\u00bb url=\u00bbhttps:\/\/mexicomusa.com\/es\/formulario-para-nuevos-transportistas-mexicanos\/\u00bb target=\u00bb_blank\u00bb align=\u00bbcenter\u00bb outline_skin=\u00bbcustom\u00bb outline_active_text_color=\u00bb#de0c14&#8243; outline_hover_bg_color=\u00bb#de0c14&#8243; outline_hover_color=\u00bb#ffffff\u00bb]Completa Nuestro Formato de Registro (en espa\u00f1ol)[\/mk_button][vc_empty_space][\/vc_column][\/mk_page_section][mk_page_section section_id=\u00bbcarriercontact\u00bb sidebar=\u00bbsidebar-1&#8243;][vc_column width=\u00bb1\/6&#8243;][\/vc_column][vc_column width=\u00bb5\/6&#8243;][vc_empty_space height=\u00bb40px\u00bb][mk_fancy_title color=\u00bb#e20c14&#8243; size=\u00bb24&#8243; font_family=\u00bbnone\u00bb]\n<p style=\"text-align: left;\">CONT\u00c1CTANOS<\/p>\n[\/mk_fancy_title][\/vc_column][\/mk_page_section][mk_page_section][vc_column width=\u00bb1\/6&#8243;][\/vc_column][vc_column width=\u00bb5\/6&#8243;][vc_empty_space height=\u00bb40px\u00bb][vc_column_text css=\u00bb.vc_custom_1702310779934{margin-bottom: 0px !important;}\u00bb]<span style=\"color: #199bac;\">CARRIERS MEXICANOS<\/span><\/p>\n<p>L\u00ednea directa al Departamento de Procurement en M\u00e9xico: +52 (55) 9990 3912<\/p>\n<p>&nbsp;<\/p>\n<p>N\u00fameros telef\u00f3nicos de nuestra oficina en M\u00e9xico, TranMexicom:<\/p>\n<p class=\"p1\">\u00a0+52 (55) 5695 3495<\/p>\n<p class=\"p1\">+52 (55) 5633 9140<\/p>\n<p>Ext. 232, 500 &amp; 580<\/p>\n<p>&nbsp;<\/p>\n<p><span style=\"color: #199bac;\">CARRIERS AMERICANOS<\/span><\/p>\n<p>L\u00ednea directa al Departamento de Procurement en Canad\u00e1 y Estados Unidos: (514)\u00a0345-6533<\/p>\n<p>&nbsp;<\/p>\n<p>N\u00fameros telef\u00f3nicos a nuestras oficinas en Canad\u00e1 y Estados Unidos:<\/p>\n<p>(514) 667 0174<\/p>\n<p>(514) 667 0175<\/p>\n<p>Ext. \u00a0251, 229, 225 &amp; 232[\/vc_column_text][\/vc_column][\/mk_page_section]\n<\/div>","protected":false},"excerpt":{"rendered":"<p>[mk_page_section][vc_column][layerslider_vc id=\u00bb26&#8243;][vc_empty_space][\/vc_column][\/mk_page_section][mk_page_section][vc_column width=\u00bb1\/6&#8243;][\/vc_column][vc_column width=\u00bb2\/3&#8243;][vc_empty_space][mk_fancy_title color=\u00bb#e20c14&#8243; size=\u00bb24&#8243; font_weight=\u00bbbold\u00bb font_family=\u00bbnone\u00bb] \u00bfERES TRANSPORTISTA EN ESTADOS UNIDOS? [\/mk_fancy_title][vc_column_text css=\u00bb.vc_custom_1702071568594{margin-bottom: 0px !important;}\u00bb] \u00a1Transporta con Mexicom USA! Mantenemos flujo constante de env\u00edos en todo Estados Unidos. [\/vc_column_text][vc_empty_space][\/vc_column][vc_column width=\u00bb1\/6&#8243;][\/vc_column][\/mk_page_section][mk_page_section sidebar=\u00bbsidebar-1&#8243;][vc_column width=\u00bb1\/6&#8243;][\/vc_column][vc_column border_color=\u00bb#e2e2e2&#8243; width=\u00bb2\/3&#8243; css=\u00bb.vc_custom_1686020967205{background-color: #f4f4f4 !important;}\u00bb][vc_column_text css=\u00bb.vc_custom_1702071697888{margin-bottom: 0px !important;}\u00bb]PROTECCI\u00d3N CONTRA ACTIVIDADES FRAUDULENTAS: Mexicom USA siempre proporciona confirmaciones de carga y asignaciones a [&hellip;]<\/p>\n","protected":false},"author":1,"featured_media":0,"parent":0,"menu_order":1,"comment_status":"closed","ping_status":"closed","template":"","meta":{"content-type":"","footnotes":""},"class_list":["post-1772","page","type-page","status-publish","hentry"],"yoast_head":"<!-- This site is optimized with the Yoast SEO plugin v27.3 - https:\/\/yoast.com\/product\/yoast-seo-wordpress\/ -->\n<title>Transportistas - MexicomUSA<\/title>\n<meta name=\"robots\" content=\"index, follow, max-snippet:-1, max-image-preview:large, max-video-preview:-1\" \/>\n<link rel=\"canonical\" href=\"https:\/\/mexicomusa.com\/es\/transportistas\/\" \/>\n<meta property=\"og:locale\" content=\"es_ES\" \/>\n<meta property=\"og:type\" content=\"article\" \/>\n<meta property=\"og:title\" content=\"Transportistas - MexicomUSA\" \/>\n<meta property=\"og:description\" content=\"[mk_page_section][vc_column][layerslider_vc id=\u00bb26&#8243;][vc_empty_space][\/vc_column][\/mk_page_section][mk_page_section][vc_column width=\u00bb1\/6&#8243;][\/vc_column][vc_column width=\u00bb2\/3&#8243;][vc_empty_space][mk_fancy_title color=\u00bb#e20c14&#8243; size=\u00bb24&#8243; font_weight=\u00bbbold\u00bb font_family=\u00bbnone\u00bb] \u00bfERES TRANSPORTISTA EN ESTADOS UNIDOS? [\/mk_fancy_title][vc_column_text css=\u00bb.vc_custom_1702071568594{margin-bottom: 0px !important;}\u00bb] \u00a1Transporta con Mexicom USA! Mantenemos flujo constante de env\u00edos en todo Estados Unidos. [\/vc_column_text][vc_empty_space][\/vc_column][vc_column width=\u00bb1\/6&#8243;][\/vc_column][\/mk_page_section][mk_page_section sidebar=\u00bbsidebar-1&#8243;][vc_column width=\u00bb1\/6&#8243;][\/vc_column][vc_column border_color=\u00bb#e2e2e2&#8243; width=\u00bb2\/3&#8243; css=\u00bb.vc_custom_1686020967205{background-color: #f4f4f4 !important;}\u00bb][vc_column_text css=\u00bb.vc_custom_1702071697888{margin-bottom: 0px !important;}\u00bb]PROTECCI\u00d3N CONTRA ACTIVIDADES FRAUDULENTAS: Mexicom USA siempre proporciona confirmaciones de carga y asignaciones a [&hellip;]\" \/>\n<meta property=\"og:url\" content=\"https:\/\/mexicomusa.com\/es\/transportistas\/\" \/>\n<meta property=\"og:site_name\" content=\"MexicomUSA\" \/>\n<meta property=\"article:modified_time\" content=\"2023-12-11T16:09:00+00:00\" \/>\n<meta name=\"twitter:card\" content=\"summary_large_image\" \/>\n<meta name=\"twitter:label1\" content=\"Tiempo de lectura\" \/>\n\t<meta name=\"twitter:data1\" content=\"3 minutos\" \/>\n<script type=\"application\/ld+json\" class=\"yoast-schema-graph\">{\"@context\":\"https:\\\/\\\/schema.org\",\"@graph\":[{\"@type\":\"WebPage\",\"@id\":\"https:\\\/\\\/mexicomusa.com\\\/es\\\/transportistas\\\/\",\"url\":\"https:\\\/\\\/mexicomusa.com\\\/es\\\/transportistas\\\/\",\"name\":\"Transportistas - MexicomUSA\",\"isPartOf\":{\"@id\":\"https:\\\/\\\/mexicomusa.com\\\/es\\\/#website\"},\"datePublished\":\"2022-08-31T14:13:27+00:00\",\"dateModified\":\"2023-12-11T16:09:00+00:00\",\"breadcrumb\":{\"@id\":\"https:\\\/\\\/mexicomusa.com\\\/es\\\/transportistas\\\/#breadcrumb\"},\"inLanguage\":\"es\",\"potentialAction\":[{\"@type\":\"ReadAction\",\"target\":[\"https:\\\/\\\/mexicomusa.com\\\/es\\\/transportistas\\\/\"]}]},{\"@type\":\"BreadcrumbList\",\"@id\":\"https:\\\/\\\/mexicomusa.com\\\/es\\\/transportistas\\\/#breadcrumb\",\"itemListElement\":[{\"@type\":\"ListItem\",\"position\":1,\"name\":\"Home\",\"item\":\"https:\\\/\\\/mexicomusa.com\\\/es\\\/\"},{\"@type\":\"ListItem\",\"position\":2,\"name\":\"Transportistas\"}]},{\"@type\":\"WebSite\",\"@id\":\"https:\\\/\\\/mexicomusa.com\\\/es\\\/#website\",\"url\":\"https:\\\/\\\/mexicomusa.com\\\/es\\\/\",\"name\":\"Mexicom USA\",\"description\":\"\",\"publisher\":{\"@id\":\"https:\\\/\\\/mexicomusa.com\\\/es\\\/#organization\"},\"potentialAction\":[{\"@type\":\"SearchAction\",\"target\":{\"@type\":\"EntryPoint\",\"urlTemplate\":\"https:\\\/\\\/mexicomusa.com\\\/es\\\/?s={search_term_string}\"},\"query-input\":{\"@type\":\"PropertyValueSpecification\",\"valueRequired\":true,\"valueName\":\"search_term_string\"}}],\"inLanguage\":\"es\"},{\"@type\":\"Organization\",\"@id\":\"https:\\\/\\\/mexicomusa.com\\\/es\\\/#organization\",\"name\":\"Mexicom USA\",\"url\":\"https:\\\/\\\/mexicomusa.com\\\/es\\\/\",\"logo\":{\"@type\":\"ImageObject\",\"inLanguage\":\"es\",\"@id\":\"https:\\\/\\\/mexicomusa.com\\\/es\\\/#\\\/schema\\\/logo\\\/image\\\/\",\"url\":\"https:\\\/\\\/mexicomusa.com\\\/wp-content\\\/uploads\\\/2022\\\/04\\\/cropped-MEXICOMUSA-COLOR.png\",\"contentUrl\":\"https:\\\/\\\/mexicomusa.com\\\/wp-content\\\/uploads\\\/2022\\\/04\\\/cropped-MEXICOMUSA-COLOR.png\",\"width\":1080,\"height\":566,\"caption\":\"Mexicom USA\"},\"image\":{\"@id\":\"https:\\\/\\\/mexicomusa.com\\\/es\\\/#\\\/schema\\\/logo\\\/image\\\/\"}}]}<\/script>\n<!-- \/ Yoast SEO plugin. -->","yoast_head_json":{"title":"Transportistas - MexicomUSA","robots":{"index":"index","follow":"follow","max-snippet":"max-snippet:-1","max-image-preview":"max-image-preview:large","max-video-preview":"max-video-preview:-1"},"canonical":"https:\/\/mexicomusa.com\/es\/transportistas\/","og_locale":"es_ES","og_type":"article","og_title":"Transportistas - MexicomUSA","og_description":"[mk_page_section][vc_column][layerslider_vc id=\u00bb26&#8243;][vc_empty_space][\/vc_column][\/mk_page_section][mk_page_section][vc_column width=\u00bb1\/6&#8243;][\/vc_column][vc_column width=\u00bb2\/3&#8243;][vc_empty_space][mk_fancy_title color=\u00bb#e20c14&#8243; size=\u00bb24&#8243; font_weight=\u00bbbold\u00bb font_family=\u00bbnone\u00bb] \u00bfERES TRANSPORTISTA EN ESTADOS UNIDOS? [\/mk_fancy_title][vc_column_text css=\u00bb.vc_custom_1702071568594{margin-bottom: 0px !important;}\u00bb] \u00a1Transporta con Mexicom USA! Mantenemos flujo constante de env\u00edos en todo Estados Unidos. [\/vc_column_text][vc_empty_space][\/vc_column][vc_column width=\u00bb1\/6&#8243;][\/vc_column][\/mk_page_section][mk_page_section sidebar=\u00bbsidebar-1&#8243;][vc_column width=\u00bb1\/6&#8243;][\/vc_column][vc_column border_color=\u00bb#e2e2e2&#8243; width=\u00bb2\/3&#8243; css=\u00bb.vc_custom_1686020967205{background-color: #f4f4f4 !important;}\u00bb][vc_column_text css=\u00bb.vc_custom_1702071697888{margin-bottom: 0px !important;}\u00bb]PROTECCI\u00d3N CONTRA ACTIVIDADES FRAUDULENTAS: Mexicom USA siempre proporciona confirmaciones de carga y asignaciones a [&hellip;]","og_url":"https:\/\/mexicomusa.com\/es\/transportistas\/","og_site_name":"MexicomUSA","article_modified_time":"2023-12-11T16:09:00+00:00","twitter_card":"summary_large_image","twitter_misc":{"Tiempo de lectura":"3 minutos"},"schema":{"@context":"https:\/\/schema.org","@graph":[{"@type":"WebPage","@id":"https:\/\/mexicomusa.com\/es\/transportistas\/","url":"https:\/\/mexicomusa.com\/es\/transportistas\/","name":"Transportistas - MexicomUSA","isPartOf":{"@id":"https:\/\/mexicomusa.com\/es\/#website"},"datePublished":"2022-08-31T14:13:27+00:00","dateModified":"2023-12-11T16:09:00+00:00","breadcrumb":{"@id":"https:\/\/mexicomusa.com\/es\/transportistas\/#breadcrumb"},"inLanguage":"es","potentialAction":[{"@type":"ReadAction","target":["https:\/\/mexicomusa.com\/es\/transportistas\/"]}]},{"@type":"BreadcrumbList","@id":"https:\/\/mexicomusa.com\/es\/transportistas\/#breadcrumb","itemListElement":[{"@type":"ListItem","position":1,"name":"Home","item":"https:\/\/mexicomusa.com\/es\/"},{"@type":"ListItem","position":2,"name":"Transportistas"}]},{"@type":"WebSite","@id":"https:\/\/mexicomusa.com\/es\/#website","url":"https:\/\/mexicomusa.com\/es\/","name":"Mexicom USA","description":"","publisher":{"@id":"https:\/\/mexicomusa.com\/es\/#organization"},"potentialAction":[{"@type":"SearchAction","target":{"@type":"EntryPoint","urlTemplate":"https:\/\/mexicomusa.com\/es\/?s={search_term_string}"},"query-input":{"@type":"PropertyValueSpecification","valueRequired":true,"valueName":"search_term_string"}}],"inLanguage":"es"},{"@type":"Organization","@id":"https:\/\/mexicomusa.com\/es\/#organization","name":"Mexicom USA","url":"https:\/\/mexicomusa.com\/es\/","logo":{"@type":"ImageObject","inLanguage":"es","@id":"https:\/\/mexicomusa.com\/es\/#\/schema\/logo\/image\/","url":"https:\/\/mexicomusa.com\/wp-content\/uploads\/2022\/04\/cropped-MEXICOMUSA-COLOR.png","contentUrl":"https:\/\/mexicomusa.com\/wp-content\/uploads\/2022\/04\/cropped-MEXICOMUSA-COLOR.png","width":1080,"height":566,"caption":"Mexicom USA"},"image":{"@id":"https:\/\/mexicomusa.com\/es\/#\/schema\/logo\/image\/"}}]}},"_links":{"self":[{"href":"https:\/\/mexicomusa.com\/es\/wp-json\/wp\/v2\/pages\/1772","targetHints":{"allow":["GET"]}}],"collection":[{"href":"https:\/\/mexicomusa.com\/es\/wp-json\/wp\/v2\/pages"}],"about":[{"href":"https:\/\/mexicomusa.com\/es\/wp-json\/wp\/v2\/types\/page"}],"author":[{"embeddable":true,"href":"https:\/\/mexicomusa.com\/es\/wp-json\/wp\/v2\/users\/1"}],"replies":[{"embeddable":true,"href":"https:\/\/mexicomusa.com\/es\/wp-json\/wp\/v2\/comments?post=1772"}],"version-history":[{"count":0,"href":"https:\/\/mexicomusa.com\/es\/wp-json\/wp\/v2\/pages\/1772\/revisions"}],"wp:attachment":[{"href":"https:\/\/mexicomusa.com\/es\/wp-json\/wp\/v2\/media?parent=1772"}],"curies":[{"name":"wp","href":"https:\/\/api.w.org\/{rel}","templated":true}]}}