{"id":1676,"date":"2023-12-01T16:04:18","date_gmt":"2023-12-01T21:04:18","guid":{"rendered":"https:\/\/mexicomusa.com\/laredo-warehouse\/"},"modified":"2024-09-25T15:33:06","modified_gmt":"2024-09-25T19:33:06","slug":"almacen-laredo","status":"publish","type":"page","link":"https:\/\/mexicomusa.com\/es\/almacen-laredo\/","title":{"rendered":"Almac\u00e9n Laredo"},"content":{"rendered":"<div class=\"wpb-content-wrapper\">[mk_page_section bg_color=\u00bbrgba(22,153,163,0.2)\u00bb sidebar=\u00bbsidebar-1&#8243;][vc_column][vc_empty_space][vc_empty_space][vc_column_text align=\u00bbcenter\u00bb css=\u00bb.vc_custom_1713218175968{margin-bottom: 0px !important;}\u00bb]\n<h2 style=\"text-align: center;\"><span style=\"color: #008080;\">CENTRO DE DISTRIBUCI\u00d3N EN LAREDO, TEXAS<\/span><\/h2>\n[\/vc_column_text][mk_divider style=\u00bbthick_solid\u00bb divider_width=\u00bbcustom_width\u00bb custom_width=\u00bb87&#8243; border_color=\u00bb#ff0000&#8243; margin_top=\u00bb10&#8243; margin_bottom=\u00bb30&#8243; el_class=\u00bbhome2-divider-1 divider-2&#8243;][vc_empty_space][vc_row_inner][vc_column_inner width=\u00bb1\/4&#8243;][\/vc_column_inner][vc_column_inner width=\u00bb1\/2&#8243;][vc_empty_space][vc_column_text align=\u00bbcenter\u00bb css=\u00bb.vc_custom_1727291147096{margin-bottom: 0px !important;}\u00bb]Conoce nuestro Nuevo Centro de Distribuci\u00f3n en Laredo, dise\u00f1ado espec\u00edficamente para mejorar la capacidad de nuestros servicios. Cuenta con una amplia \u00e1rea de almacenamiento de <strong>43,000 pies cuadrados<\/strong> y tiene <strong>17 plataformas de carga. <\/strong>Adem\u00e1s, en nuestro centro de distribuci\u00f3n, ofrecemos<strong> servicios de despacho para cargas en tr\u00e1nsito <em>-in-bond-<\/em>,\u00a0<\/strong> destacando a\u00fan m\u00e1s nuestro compromiso con un servicio \u00f3ptimo de calidad.[\/vc_column_text][vc_empty_space][\/vc_column_inner][vc_column_inner width=\u00bb1\/4&#8243;][\/vc_column_inner][\/vc_row_inner][\/vc_column][\/mk_page_section][vc_row fullwidth=\u00bbtrue\u00bb fullwidth_content=\u00bbfalse\u00bb css=\u00bb.vc_custom_1727292476764{background-color: #1699A333 !important;}\u00bb][vc_column][vc_empty_space height=\u00bb25px\u00bb][vc_empty_space height=\u00bb25px\u00bb][vc_column_text align=\u00bbcenter\u00bb css=\u00bb.vc_custom_1727290637788{margin-bottom: 0px !important;}\u00bb]\n<h3 style=\"text-align: center;\"><span style=\"color: #008080;\">DESCUBRE NUESTRO NUEVO CENTRO DE DISTRIBUCI\u00d3N EN LAREDO<\/span><\/h3>\n[\/vc_column_text][vc_empty_space height=\u00bb25px\u00bb][vc_video host=\u00bbself_hosted\u00bb mp4=\u00bbhttps:\/\/mexicomusa.com\/wp-content\/uploads\/2024\/09\/centro-de-distribucion-bodega-mexicom-usa-laredo-tx.mp4&#8243; autoplay=\u00bbtrue\u00bb loop=\u00bbtrue\u00bb muted=\u00bbtrue\u00bb hide_controls=\u00bbtrue\u00bb][vc_empty_space height=\u00bb40px\u00bb][\/vc_column][vc_column width=\u00bb1\/6&#8243;][vc_empty_space][\/vc_column][vc_column width=\u00bb1\/3&#8243;][vc_empty_space][vc_column_text align=\u00bbcenter\u00bb css=\u00bb.vc_custom_1702051933773{margin-bottom: 0px !important;}\u00bb]\n<h3 style=\"text-align: center;\"><span style=\"color: #008080;\"><b>ASPECTOS DESTACADOS<\/b><\/span><\/h3>\n[\/vc_column_text][vc_empty_space height=\u00bb12px\u00bb][vc_column_text css=\u00bb.vc_custom_1710257732155{margin-bottom: 0px !important;}\u00bb]\n<ul>\n<li style=\"font-weight: 400;\" aria-level=\"1\"><span style=\"font-weight: 400;\">Espacio Total: 4. Acres<\/span><\/li>\n<li style=\"font-weight: 400;\" aria-level=\"1\"><span style=\"font-weight: 400;\">Espacio de Almacenamiento: 43,000 Pies Cuadrados<\/span><\/li>\n<li style=\"font-weight: 400;\" aria-level=\"1\"><span style=\"font-weight: 400;\">Altura Libre: 24 Pies<\/span><\/li>\n<li style=\"font-weight: 400;\" aria-level=\"1\"><span style=\"font-weight: 400;\">2 Pasillos de Estanter\u00edas + 8 Zonas de Almacenamiento (+2 Hazmat)<\/span><\/li>\n<li style=\"font-weight: 400;\" aria-level=\"1\"><span style=\"font-weight: 400;\">Sistema Avanzado de Ventilaci\u00f3n El\u00e9ctrica<\/span><\/li>\n<li style=\"font-weight: 400;\" aria-level=\"1\"><span style=\"font-weight: 400;\">Vigilancia de Video de Alta Definici\u00f3n 24\/7<\/span><\/li>\n<li style=\"font-weight: 400;\" aria-level=\"1\"><span style=\"font-weight: 400;\">17 Muelles de Carga con Niveladores + Rampa<\/span><\/li>\n<li style=\"font-weight: 400;\" aria-level=\"1\"><span style=\"font-weight: 400;\">Acceso Controlado<\/span><\/li>\n<li style=\"font-weight: 400;\" aria-level=\"1\"><span style=\"font-weight: 400;\">Espacio de Estacionamiento para 60 Remolques<\/span><\/li>\n<li style=\"font-weight: 400;\" aria-level=\"1\"><span style=\"font-weight: 400;\">Completamente Cubierto con Wi-Fi Seguro de Alta Velocidad<\/span><\/li>\n<li style=\"font-weight: 400;\" aria-level=\"1\"><span style=\"font-weight: 400;\">2,500 Pies Cuadrados de Oficinas<\/span><\/li>\n<\/ul>\n[\/vc_column_text][\/vc_column][vc_column width=\u00bb1\/3&#8243;][vc_empty_space][vc_column_text align=\u00bbcenter\u00bb css=\u00bb.vc_custom_1702051967750{margin-bottom: 0px !important;}\u00bb]\n<h3 style=\"text-align: center;\"><span style=\"color: #008080;\"><b>CARACTER\u00cdSTICAS ESPECIALES<\/b><\/span><\/h3>\n[\/vc_column_text][vc_empty_space height=\u00bb12px\u00bb][vc_column_text css=\u00bb.vc_custom_1702051988870{margin-bottom: 0px !important;}\u00bb]\n<ul>\n<li style=\"font-weight: 400;\" aria-level=\"1\"><span style=\"font-weight: 400;\">Almacenamiento Certificado para Materiales Peligrosos (Hazmat)<\/span><\/li>\n<li style=\"font-weight: 400;\" aria-level=\"1\"><span style=\"font-weight: 400;\">Configuraci\u00f3n de Ducha de Emergencia para los Ojos<\/span><\/li>\n<li style=\"font-weight: 400;\" aria-level=\"1\"><span style=\"font-weight: 400;\">Configuraci\u00f3n de Ducha de Emergencia Completa<\/span><\/li>\n<li style=\"font-weight: 400;\" aria-level=\"1\"><span style=\"font-weight: 400;\">Equipo Entrenado para Manejar Contenedores, Paletas y Sacos<\/span><\/li>\n<li style=\"font-weight: 400;\" aria-level=\"1\"><span style=\"font-weight: 400;\">Zonas Especiales para Manejar y Reparar Da\u00f1os<\/span><\/li>\n<li style=\"font-weight: 400;\" aria-level=\"1\"><span style=\"font-weight: 400;\">Cerca del Puente de Cruce de Columbia<\/span><\/li>\n<\/ul>\n[\/vc_column_text][vc_empty_space][\/vc_column][vc_column width=\u00bb1\/6&#8243;][vc_empty_space][\/vc_column][vc_column][vc_empty_space][vc_empty_space][vc_empty_space][vc_empty_space][\/vc_column][\/vc_row][vc_row fullwidth=\u00bbtrue\u00bb fullwidth_content=\u00bbfalse\u00bb css=\u00bb.vc_custom_1727292047911{background-color: #FFFFFF !important;}\u00bb][vc_column width=\u00bb1\/6&#8243;][vc_empty_space][vc_empty_space][vc_empty_space][vc_empty_space][\/vc_column][vc_column width=\u00bb2\/3&#8243;][vc_empty_space][vc_empty_space][vc_empty_space][vc_empty_space][vc_empty_space][vc_column_text align=\u00bbcenter\u00bb css=\u00bb.vc_custom_1727292102177{margin-bottom: 0px !important;}\u00bb]\n<h3 style=\"text-align: center;\"><span style=\"color: #008080;\"><b>\u00bfMANEJAS CARGAS\u00a0 EN TR\u00c1NSIT<i>O -IN-BOND-?<br \/>\n<\/i><\/b><\/span><\/h3>\n[\/vc_column_text][vc_empty_space][vc_empty_space][vc_single_image image=\u00bb2365&#8243; img_size=\u00bblarge\u00bb alignment=\u00bbcenter\u00bb css=\u00bb\u00bb][vc_empty_space][vc_empty_space][vc_column_text css=\u00bb.vc_custom_1727292176765{margin-bottom: 0px !important;}\u00bb]\n<ul>\n<li><strong>Carga y descarga: <\/strong>Manejo r\u00e1pido y seguro.<\/li>\n<li><strong>Movimientos locales (recolecciones y entregas)<\/strong>: Transporte dentro de Laredo.<\/li>\n<li><strong>Transbordo:<\/strong> Transferencias de remolques sin problemas en la frontera M\u00e9xico-Estados Unidos.<\/li>\n<li><strong>Cross-docking<\/strong>: Eficiente, con tiempo m\u00ednimo de almacenamiento.<\/li>\n<li><strong>Almacenamiento a corto plazo: <\/strong>por hasta 10 d\u00edas.<\/li>\n<\/ul>\n[\/vc_column_text][vc_empty_space][vc_empty_space][vc_empty_space][\/vc_column][vc_column width=\u00bb1\/6&#8243;][\/vc_column][\/vc_row][vc_row fullwidth=\u00bbtrue\u00bb fullwidth_content=\u00bbfalse\u00bb css=\u00bb.vc_custom_1727292504592{background-color: #1699A333 !important;}\u00bb][vc_column width=\u00bb1\/6&#8243;][\/vc_column][vc_column width=\u00bb2\/3&#8243;][vc_empty_space][vc_empty_space][mk_image_slideshow images=\u00bb2121,2125,2324,2194,2143,2202,2192,2196,2198,2129&#8243; image_width=\u00bb1200&#8243; image_height=\u00bb800&#8243; effect=\u00bbslide\u00bb slideshow_speed=\u00bb3000&#8243;][vc_empty_space][vc_empty_space][\/vc_column][vc_column width=\u00bb1\/6&#8243;][\/vc_column][\/vc_row][vc_row fullwidth=\u00bbtrue\u00bb fullwidth_content=\u00bbfalse\u00bb css=\u00bb.vc_custom_1701901515987{background-color: rgba(22,153,163,0.2) !important;*background-color: rgb(22,153,163) !important;}\u00bb][vc_column][\/vc_column][vc_column][vc_empty_space][\/vc_column][vc_column width=\u00bb1\/6&#8243;][\/vc_column][vc_column width=\u00bb2\/3&#8243;][vc_empty_space][vc_empty_space][vc_column_text align=\u00bbcenter\u00bb css=\u00bb.vc_custom_1702052007151{margin-bottom: 0px !important;}\u00bb]\n<h3 style=\"text-align: center;\"><span style=\"color: #008080;\"><b>SISTEMA DE GESTI\u00d3N DE ALMAC\u00c9N <i>(WMS)<\/i><\/b><\/span><\/h3>\n[\/vc_column_text][vc_empty_space][vc_column_text css=\u00bb.vc_custom_1702052019247{margin-bottom: 0px !important;}\u00bb]\n<ul>\n<li style=\"font-weight: 400;\" aria-level=\"1\"><span style=\"font-weight: 400;\">Basado en la Nube de \u00daltima Generaci\u00f3n<\/span><\/li>\n<li style=\"font-weight: 400;\" aria-level=\"1\"><span style=\"font-weight: 400;\">Im\u00e1genes de todas las Actividades de Transcarga<\/span><\/li>\n<li style=\"font-weight: 400;\" aria-level=\"1\"><span style=\"font-weight: 400;\">Notificaciones de Recepci\u00f3n y Env\u00edo a los Clientes con Im\u00e1genes<\/span><\/li>\n<li style=\"font-weight: 400;\" aria-level=\"1\"><span style=\"font-weight: 400;\">Gesti\u00f3n de Inventario desde el Nivel de Pallet hasta el Nivel de SKU<\/span><\/li>\n<li style=\"font-weight: 400;\" aria-level=\"1\"><span style=\"font-weight: 400;\">Totalmente Automatizado<\/span><\/li>\n<li style=\"font-weight: 400;\" aria-level=\"1\"><span style=\"font-weight: 400;\">Sistema de Informes Avanzado seg\u00fan los Requisitos del Cliente<\/span><\/li>\n<li style=\"font-weight: 400;\" aria-level=\"1\">Conexi\u00f3n al Sistema de Gesti\u00f3n de Transporte del Grupo <i>(TMS)<\/i><\/li>\n<\/ul>\n[\/vc_column_text][vc_empty_space height=\u00bb12px\u00bb][vc_empty_space][\/vc_column][vc_column width=\u00bb1\/6&#8243;][\/vc_column][\/vc_row][vc_row fullwidth=\u00bbtrue\u00bb css=\u00bb.vc_custom_1701964743475{background-color: rgba(22,153,163,0.2) !important;*background-color: rgb(22,153,163) !important;}\u00bb][vc_column width=\u00bb1\/6&#8243;][\/vc_column][vc_column width=\u00bb2\/3&#8243;][vc_empty_space][vc_empty_space][vc_empty_space][vc_single_image image=\u00bb1682&#8243; img_size=\u00bbfull\u00bb alignment=\u00bbcenter\u00bb css_animation=\u00bbfadeInLeft\u00bb title=\u00bbCentros de almacenamiento por todo Estados Unidos\u00bb][vc_empty_space][vc_empty_space][vc_column_text align=\u00bbcenter\u00bb css=\u00bb.vc_custom_1702052054256{margin-bottom: 0px !important;}\u00bb]\n<h3 style=\"text-align: right;\"><strong><span style=\"color: #008080;\">Estamos listos para establecer nuevos centros de distribuci\u00f3n en los Estados Unidos seg\u00fan sus necesidades.<\/span><\/strong><\/h3>\n[\/vc_column_text][vc_empty_space][vc_empty_space][vc_empty_space][vc_empty_space][vc_empty_space][vc_empty_space][\/vc_column][vc_column width=\u00bb1\/6&#8243;][\/vc_column][\/vc_row][vc_row fullwidth=\u00bbtrue\u00bb css=\u00bb.vc_custom_1701979726703{background-color: rgba(22,153,163,0.2) !important;*background-color: rgb(22,153,163) !important;}\u00bb][vc_column width=\u00bb2\/6&#8243;][vc_empty_space][vc_empty_space][vc_empty_space][vc_empty_space][vc_empty_space][vc_column_text align=\u00bbcenter\u00bb css=\u00bb.vc_custom_1702052068361{margin-bottom: 0px !important;}\u00bb]\n<h3 style=\"text-align: center;\"><span style=\"color: #008080;\">UBICACI\u00d3N<\/span><\/h3>\n[\/vc_column_text][vc_column_text align=\u00bbcenter\u00bb css=\u00bb.vc_custom_1708451158310{margin-bottom: 0px !important;}\u00bb]\n<p style=\"text-align: center;\">4002 QUIVIRA DR.<br \/>\nLaredo, Texas<br \/>\n78045<\/p>\n[\/vc_column_text][mk_button dimension=\u00bboutline\u00bb corner_style=\u00bbfull_rounded\u00bb size=\u00bbmedium\u00bb icon_anim=\u00bbside\u00bb url=\u00bbhttps:\/\/maps.app.goo.gl\/ZqiwAaGfBbAKXz9ZA\u00bb target=\u00bb_blank\u00bb align=\u00bbcenter\u00bb outline_skin=\u00bbcustom\u00bb outline_active_text_color=\u00bb#de0c14&#8243; outline_hover_bg_color=\u00bb#de0c14&#8243; outline_hover_color=\u00bb#ffffff\u00bb]Ubicaci\u00f3n en mapa[\/mk_button][\/vc_column][vc_column width=\u00bb3\/6&#8243;][vc_empty_space][vc_single_image image=\u00bb1429&#8243; img_size=\u00bbfull\u00bb][\/vc_column][vc_column width=\u00bb1\/6&#8243;][\/vc_column][\/vc_row][vc_row fullwidth=\u00bbtrue\u00bb css=\u00bb.vc_custom_1701979672085{background-color: rgba(255,255,255,0.2) !important;*background-color: rgb(255,255,255) !important;}\u00bb][vc_column][vc_empty_space][vc_empty_space][vc_empty_space][vc_empty_space][vc_column_text align=\u00bbcenter\u00bb css=\u00bb.vc_custom_1702052107357{margin-bottom: 0px !important;}\u00bb]\n<h3><span style=\"color: #008080;\">DESCUBRE M\u00c1S SOBRE SOLUCIONES DE ALMACENAMIENTO<\/span><\/h3>\n[\/vc_column_text][mk_divider style=\u00bbthick_solid\u00bb divider_width=\u00bbcustom_width\u00bb custom_width=\u00bb87&#8243; border_color=\u00bb#ff0000&#8243; margin_top=\u00bb10&#8243; margin_bottom=\u00bb30&#8243; el_class=\u00bbhome2-divider-1 divider-2&#8243;][vc_empty_space][vc_row_inner is_fullwidth_content=\u00bbfalse\u00bb][vc_column_inner width=\u00bb1\/3&#8243;][mk_flipbox back_background_color=\u00bb#e5e5e5&#8243; image=\u00bbhttps:\/\/mexicomusa.com\/wp-content\/uploads\/2023\/11\/crossdocking_es.png\u00bb front_title_color=\u00bb#ff3a3a\u00bb back_title=\u00bbCROSS-DOCKING\u00bb back_title_size=\u00bb18&#8243; back_title_color=\u00bb#146372&#8243; front_desc_color=\u00bb#146372&#8243; back_desc=\u00bbClasificamos r\u00e1pidamente los camiones entrantes y los transferimos a camiones de salida con un tiempo de almacenamiento m\u00ednimo. Este proceso eficiente optimiza la distribuci\u00f3n, reduce los costos de mantenimiento de inventario y mejora la velocidad y agilidad general de la cadena de suministro.\u00bb back_desc_size=\u00bb12&#8243; button_url=\u00bbhttps:\/\/mexicomusa.com\/es\/cross-docking\/\u00bb button_target=\u00bb_blank\u00bb button_text=\u00bbM\u00e1s Informaci\u00f3n\u00bb button_bg_color=\u00bb#23899c\u00bb button_bg_hover_color=\u00bb#dd3333&#8243;][mk_divider][\/vc_column_inner][vc_column_inner width=\u00bb1\/3&#8243;][mk_flipbox back_background_color=\u00bb#e5e5e5&#8243; image=\u00bbhttps:\/\/mexicomusa.com\/wp-content\/uploads\/2023\/11\/corto_plazo.png\u00bb front_title_color=\u00bb#ff3a3a\u00bb back_title=\u00bbALMACENAMIENTO A CORTO PLAZO\u00bb back_title_size=\u00bb18&#8243; back_title_color=\u00bb#146372&#8243; front_desc_size=\u00bb12&#8243; front_desc_color=\u00bb#146372&#8243; back_desc=\u00bbEn nuestras instalaciones, almacenamos carga por un breve per\u00edodo, garantizando su seguridad y proporcionando flexibilidad y comodidad tanto para individuos como para las empresas.\u00bb back_desc_size=\u00bb12&#8243; button_url=\u00bbhttps:\/\/mexicomusa.com\/es\/almacemaniento-corto-plazo\/\u00bb button_target=\u00bb_blank\u00bb button_text=\u00bbM\u00e1s Informaci\u00f3n\u00bb button_bg_color=\u00bb#23899c\u00bb button_bg_hover_color=\u00bb#dd3333&#8243;][mk_divider][\/vc_column_inner][vc_column_inner width=\u00bb1\/3&#8243;][mk_flipbox back_background_color=\u00bb#e5e5e5&#8243; image=\u00bbhttps:\/\/mexicomusa.com\/wp-content\/uploads\/2023\/11\/con_desconsolidacion.png\u00bb front_title_color=\u00bb#ff3a3a\u00bb back_title=\u00bbCONSOLIDACI\u00d3N Y DESCONSOLIDACI\u00d3N DE CARGAS\u00bb back_title_size=\u00bb18&#8243; back_title_color=\u00bb#146372&#8243; front_desc_color=\u00bb#146372&#8243; back_desc=\u00bbCombinamos env\u00edos m\u00e1s peque\u00f1os de m\u00faltiples fuentes para crear un env\u00edo m\u00e1s rentable para un transporte eficiente. Adem\u00e1s, desintegramos un env\u00edo en unidades m\u00e1s peque\u00f1as para su distribuci\u00f3n final a destinatarios individuales o destinos.\u00bb back_desc_size=\u00bb12&#8243; button_url=\u00bbhttps:\/\/mexicomusa.com\/es\/consolidacion-desconsolidacion-cargas\/\u00bb button_target=\u00bb_blank\u00bb button_text=\u00bbM\u00e1s Informaci\u00f3n\u00bb button_bg_color=\u00bb#23899c\u00bb button_bg_hover_color=\u00bb#dd3333&#8243;][mk_divider][\/vc_column_inner][\/vc_row_inner][vc_empty_space][vc_empty_space][\/vc_column][\/vc_row][vc_row visibility=\u00bbvisible-sm\u00bb][vc_column][vc_text_separator title=\u00bbBLOG POSTS\u00bb color=\u00bbcustom\u00bb border_width=\u00bb2&#8243; accent_color=\u00bb#ff413a\u00bb][vc_basic_grid post_type=\u00bbpost\u00bb max_items=\u00bb5&#8243; grid_id=\u00bbvc_gid:1727292774235-acc97fda-68e5-1&#8243;][vc_btn title=\u00bbAll blog posts\u00bb style=\u00bbflat\u00bb color=\u00bbpeacoc\u00bb align=\u00bbcenter\u00bb link=\u00bburl:https%3A%2F%2Fmexicomlogistics.com%2Fblog%2F||target:%20_blank|\u00bb][\/vc_column][\/vc_row]\n<\/div>","protected":false},"excerpt":{"rendered":"<p>[mk_page_section bg_color=\u00bbrgba(22,153,163,0.2)\u00bb sidebar=\u00bbsidebar-1&#8243;][vc_column][vc_empty_space][vc_empty_space][vc_column_text align=\u00bbcenter\u00bb css=\u00bb.vc_custom_1713218175968{margin-bottom: 0px !important;}\u00bb] CENTRO DE DISTRIBUCI\u00d3N EN LAREDO, TEXAS [\/vc_column_text][mk_divider style=\u00bbthick_solid\u00bb divider_width=\u00bbcustom_width\u00bb custom_width=\u00bb87&#8243; border_color=\u00bb#ff0000&#8243; margin_top=\u00bb10&#8243; margin_bottom=\u00bb30&#8243; el_class=\u00bbhome2-divider-1 divider-2&#8243;][vc_empty_space][vc_row_inner][vc_column_inner width=\u00bb1\/4&#8243;][\/vc_column_inner][vc_column_inner width=\u00bb1\/2&#8243;][vc_empty_space][vc_column_text align=\u00bbcenter\u00bb css=\u00bb.vc_custom_1727291147096{margin-bottom: 0px !important;}\u00bb]Conoce nuestro Nuevo Centro de Distribuci\u00f3n en Laredo, dise\u00f1ado espec\u00edficamente para mejorar la capacidad de nuestros servicios. Cuenta con una amplia \u00e1rea de almacenamiento de 43,000 pies cuadrados [&hellip;]<\/p>\n","protected":false},"author":3,"featured_media":0,"parent":0,"menu_order":0,"comment_status":"closed","ping_status":"closed","template":"","meta":{"content-type":"","footnotes":""},"class_list":["post-1676","page","type-page","status-publish","hentry"],"yoast_head":"<!-- This site is optimized with the Yoast SEO plugin v27.3 - https:\/\/yoast.com\/product\/yoast-seo-wordpress\/ -->\n<title>Almac\u00e9n Laredo - MexicomUSA<\/title>\n<meta name=\"robots\" content=\"index, follow, max-snippet:-1, max-image-preview:large, max-video-preview:-1\" \/>\n<link rel=\"canonical\" href=\"https:\/\/mexicomusa.com\/es\/almacen-laredo\/\" \/>\n<meta property=\"og:locale\" content=\"es_ES\" \/>\n<meta property=\"og:type\" content=\"article\" \/>\n<meta property=\"og:title\" content=\"Almac\u00e9n Laredo - MexicomUSA\" \/>\n<meta property=\"og:description\" content=\"[mk_page_section bg_color=\u00bbrgba(22,153,163,0.2)\u00bb sidebar=\u00bbsidebar-1&#8243;][vc_column][vc_empty_space][vc_empty_space][vc_column_text align=\u00bbcenter\u00bb css=\u00bb.vc_custom_1713218175968{margin-bottom: 0px !important;}\u00bb] CENTRO DE DISTRIBUCI\u00d3N EN LAREDO, TEXAS [\/vc_column_text][mk_divider style=\u00bbthick_solid\u00bb divider_width=\u00bbcustom_width\u00bb custom_width=\u00bb87&#8243; border_color=\u00bb#ff0000&#8243; margin_top=\u00bb10&#8243; margin_bottom=\u00bb30&#8243; el_class=\u00bbhome2-divider-1 divider-2&#8243;][vc_empty_space][vc_row_inner][vc_column_inner width=\u00bb1\/4&#8243;][\/vc_column_inner][vc_column_inner width=\u00bb1\/2&#8243;][vc_empty_space][vc_column_text align=\u00bbcenter\u00bb css=\u00bb.vc_custom_1727291147096{margin-bottom: 0px !important;}\u00bb]Conoce nuestro Nuevo Centro de Distribuci\u00f3n en Laredo, dise\u00f1ado espec\u00edficamente para mejorar la capacidad de nuestros servicios. Cuenta con una amplia \u00e1rea de almacenamiento de 43,000 pies cuadrados [&hellip;]\" \/>\n<meta property=\"og:url\" content=\"https:\/\/mexicomusa.com\/es\/almacen-laredo\/\" \/>\n<meta property=\"og:site_name\" content=\"MexicomUSA\" \/>\n<meta property=\"article:modified_time\" content=\"2024-09-25T19:33:06+00:00\" \/>\n<meta name=\"twitter:card\" content=\"summary_large_image\" \/>\n<meta name=\"twitter:label1\" content=\"Tiempo de lectura\" \/>\n\t<meta name=\"twitter:data1\" content=\"6 minutos\" \/>\n<script type=\"application\/ld+json\" class=\"yoast-schema-graph\">{\"@context\":\"https:\\\/\\\/schema.org\",\"@graph\":[{\"@type\":\"WebPage\",\"@id\":\"https:\\\/\\\/mexicomusa.com\\\/es\\\/almacen-laredo\\\/\",\"url\":\"https:\\\/\\\/mexicomusa.com\\\/es\\\/almacen-laredo\\\/\",\"name\":\"Almac\u00e9n Laredo - MexicomUSA\",\"isPartOf\":{\"@id\":\"https:\\\/\\\/mexicomusa.com\\\/es\\\/#website\"},\"datePublished\":\"2023-12-01T21:04:18+00:00\",\"dateModified\":\"2024-09-25T19:33:06+00:00\",\"breadcrumb\":{\"@id\":\"https:\\\/\\\/mexicomusa.com\\\/es\\\/almacen-laredo\\\/#breadcrumb\"},\"inLanguage\":\"es\",\"potentialAction\":[{\"@type\":\"ReadAction\",\"target\":[\"https:\\\/\\\/mexicomusa.com\\\/es\\\/almacen-laredo\\\/\"]}]},{\"@type\":\"BreadcrumbList\",\"@id\":\"https:\\\/\\\/mexicomusa.com\\\/es\\\/almacen-laredo\\\/#breadcrumb\",\"itemListElement\":[{\"@type\":\"ListItem\",\"position\":1,\"name\":\"Home\",\"item\":\"https:\\\/\\\/mexicomusa.com\\\/es\\\/\"},{\"@type\":\"ListItem\",\"position\":2,\"name\":\"Almac\u00e9n Laredo\"}]},{\"@type\":\"WebSite\",\"@id\":\"https:\\\/\\\/mexicomusa.com\\\/es\\\/#website\",\"url\":\"https:\\\/\\\/mexicomusa.com\\\/es\\\/\",\"name\":\"Mexicom USA\",\"description\":\"\",\"publisher\":{\"@id\":\"https:\\\/\\\/mexicomusa.com\\\/es\\\/#organization\"},\"potentialAction\":[{\"@type\":\"SearchAction\",\"target\":{\"@type\":\"EntryPoint\",\"urlTemplate\":\"https:\\\/\\\/mexicomusa.com\\\/es\\\/?s={search_term_string}\"},\"query-input\":{\"@type\":\"PropertyValueSpecification\",\"valueRequired\":true,\"valueName\":\"search_term_string\"}}],\"inLanguage\":\"es\"},{\"@type\":\"Organization\",\"@id\":\"https:\\\/\\\/mexicomusa.com\\\/es\\\/#organization\",\"name\":\"Mexicom USA\",\"url\":\"https:\\\/\\\/mexicomusa.com\\\/es\\\/\",\"logo\":{\"@type\":\"ImageObject\",\"inLanguage\":\"es\",\"@id\":\"https:\\\/\\\/mexicomusa.com\\\/es\\\/#\\\/schema\\\/logo\\\/image\\\/\",\"url\":\"https:\\\/\\\/mexicomusa.com\\\/wp-content\\\/uploads\\\/2022\\\/04\\\/cropped-MEXICOMUSA-COLOR.png\",\"contentUrl\":\"https:\\\/\\\/mexicomusa.com\\\/wp-content\\\/uploads\\\/2022\\\/04\\\/cropped-MEXICOMUSA-COLOR.png\",\"width\":1080,\"height\":566,\"caption\":\"Mexicom USA\"},\"image\":{\"@id\":\"https:\\\/\\\/mexicomusa.com\\\/es\\\/#\\\/schema\\\/logo\\\/image\\\/\"}}]}<\/script>\n<!-- \/ Yoast SEO plugin. -->","yoast_head_json":{"title":"Almac\u00e9n Laredo - MexicomUSA","robots":{"index":"index","follow":"follow","max-snippet":"max-snippet:-1","max-image-preview":"max-image-preview:large","max-video-preview":"max-video-preview:-1"},"canonical":"https:\/\/mexicomusa.com\/es\/almacen-laredo\/","og_locale":"es_ES","og_type":"article","og_title":"Almac\u00e9n Laredo - MexicomUSA","og_description":"[mk_page_section bg_color=\u00bbrgba(22,153,163,0.2)\u00bb sidebar=\u00bbsidebar-1&#8243;][vc_column][vc_empty_space][vc_empty_space][vc_column_text align=\u00bbcenter\u00bb css=\u00bb.vc_custom_1713218175968{margin-bottom: 0px !important;}\u00bb] CENTRO DE DISTRIBUCI\u00d3N EN LAREDO, TEXAS [\/vc_column_text][mk_divider style=\u00bbthick_solid\u00bb divider_width=\u00bbcustom_width\u00bb custom_width=\u00bb87&#8243; border_color=\u00bb#ff0000&#8243; margin_top=\u00bb10&#8243; margin_bottom=\u00bb30&#8243; el_class=\u00bbhome2-divider-1 divider-2&#8243;][vc_empty_space][vc_row_inner][vc_column_inner width=\u00bb1\/4&#8243;][\/vc_column_inner][vc_column_inner width=\u00bb1\/2&#8243;][vc_empty_space][vc_column_text align=\u00bbcenter\u00bb css=\u00bb.vc_custom_1727291147096{margin-bottom: 0px !important;}\u00bb]Conoce nuestro Nuevo Centro de Distribuci\u00f3n en Laredo, dise\u00f1ado espec\u00edficamente para mejorar la capacidad de nuestros servicios. Cuenta con una amplia \u00e1rea de almacenamiento de 43,000 pies cuadrados [&hellip;]","og_url":"https:\/\/mexicomusa.com\/es\/almacen-laredo\/","og_site_name":"MexicomUSA","article_modified_time":"2024-09-25T19:33:06+00:00","twitter_card":"summary_large_image","twitter_misc":{"Tiempo de lectura":"6 minutos"},"schema":{"@context":"https:\/\/schema.org","@graph":[{"@type":"WebPage","@id":"https:\/\/mexicomusa.com\/es\/almacen-laredo\/","url":"https:\/\/mexicomusa.com\/es\/almacen-laredo\/","name":"Almac\u00e9n Laredo - MexicomUSA","isPartOf":{"@id":"https:\/\/mexicomusa.com\/es\/#website"},"datePublished":"2023-12-01T21:04:18+00:00","dateModified":"2024-09-25T19:33:06+00:00","breadcrumb":{"@id":"https:\/\/mexicomusa.com\/es\/almacen-laredo\/#breadcrumb"},"inLanguage":"es","potentialAction":[{"@type":"ReadAction","target":["https:\/\/mexicomusa.com\/es\/almacen-laredo\/"]}]},{"@type":"BreadcrumbList","@id":"https:\/\/mexicomusa.com\/es\/almacen-laredo\/#breadcrumb","itemListElement":[{"@type":"ListItem","position":1,"name":"Home","item":"https:\/\/mexicomusa.com\/es\/"},{"@type":"ListItem","position":2,"name":"Almac\u00e9n Laredo"}]},{"@type":"WebSite","@id":"https:\/\/mexicomusa.com\/es\/#website","url":"https:\/\/mexicomusa.com\/es\/","name":"Mexicom USA","description":"","publisher":{"@id":"https:\/\/mexicomusa.com\/es\/#organization"},"potentialAction":[{"@type":"SearchAction","target":{"@type":"EntryPoint","urlTemplate":"https:\/\/mexicomusa.com\/es\/?s={search_term_string}"},"query-input":{"@type":"PropertyValueSpecification","valueRequired":true,"valueName":"search_term_string"}}],"inLanguage":"es"},{"@type":"Organization","@id":"https:\/\/mexicomusa.com\/es\/#organization","name":"Mexicom USA","url":"https:\/\/mexicomusa.com\/es\/","logo":{"@type":"ImageObject","inLanguage":"es","@id":"https:\/\/mexicomusa.com\/es\/#\/schema\/logo\/image\/","url":"https:\/\/mexicomusa.com\/wp-content\/uploads\/2022\/04\/cropped-MEXICOMUSA-COLOR.png","contentUrl":"https:\/\/mexicomusa.com\/wp-content\/uploads\/2022\/04\/cropped-MEXICOMUSA-COLOR.png","width":1080,"height":566,"caption":"Mexicom USA"},"image":{"@id":"https:\/\/mexicomusa.com\/es\/#\/schema\/logo\/image\/"}}]}},"_links":{"self":[{"href":"https:\/\/mexicomusa.com\/es\/wp-json\/wp\/v2\/pages\/1676","targetHints":{"allow":["GET"]}}],"collection":[{"href":"https:\/\/mexicomusa.com\/es\/wp-json\/wp\/v2\/pages"}],"about":[{"href":"https:\/\/mexicomusa.com\/es\/wp-json\/wp\/v2\/types\/page"}],"author":[{"embeddable":true,"href":"https:\/\/mexicomusa.com\/es\/wp-json\/wp\/v2\/users\/3"}],"replies":[{"embeddable":true,"href":"https:\/\/mexicomusa.com\/es\/wp-json\/wp\/v2\/comments?post=1676"}],"version-history":[{"count":0,"href":"https:\/\/mexicomusa.com\/es\/wp-json\/wp\/v2\/pages\/1676\/revisions"}],"wp:attachment":[{"href":"https:\/\/mexicomusa.com\/es\/wp-json\/wp\/v2\/media?parent=1676"}],"curies":[{"name":"wp","href":"https:\/\/api.w.org\/{rel}","templated":true}]}}