{"id":1638,"date":"2022-06-08T10:28:38","date_gmt":"2022-06-08T14:28:38","guid":{"rendered":"https:\/\/mexicomusa.com\/about\/"},"modified":"2026-01-23T13:38:14","modified_gmt":"2026-01-23T18:38:14","slug":"nosotros","status":"publish","type":"page","link":"https:\/\/mexicomusa.com\/es\/nosotros\/","title":{"rendered":"Acerca de nosotros Mexicom USA"},"content":{"rendered":"<div class=\"wpb-content-wrapper\">[mk_page_section][vc_column][vc_empty_space][vc_empty_space][vc_empty_space][\/vc_column][\/mk_page_section][mk_page_section][vc_column width=\u00bb1\/12&#8243;][\/vc_column][vc_column width=\u00bb5\/6&#8243;][vc_empty_space][vc_empty_space][mk_fancy_title color=\u00bb#e20c14&#8243; size=\u00bb24&#8243; font_weight=\u00bbbold\u00bb font_family=\u00bbnone\u00bb align=\u00bbcenter\u00bb animation=\u00bbbottom-to-top\u00bb]\n<p style=\"text-align: center;\">Mexicom USA<\/p>\n<p style=\"text-align: center;\">Con sede en EE. UU., especializada en en transporte transfronterizo y dom\u00e9stico.<\/p>\n[\/mk_fancy_title][vc_empty_space][vc_column_text css=\u00bb.vc_custom_1769100168502{margin-bottom: 0px !important;}\u00bb]\n<p data-start=\"174\" data-end=\"595\">Mexicom USA es un proveedor de log\u00edstica y transporte con sede en Estados Unidos, especializado en soluciones de carga terrestre eficientes y en cumplimiento normativo en toda Norteam\u00e9rica. Desde nuestras operaciones en EE. UU., gestionamos movimientos transfronterizos entre M\u00e9xico y Estados Unidos, as\u00ed como transporte nacional dentro de EE. UU., con un enfoque en confiabilidad, transparencia y alineaci\u00f3n regulatoria.<\/p>\n<p data-start=\"597\" data-end=\"778\">Como <strong>transportista autorizado en Estados Unidos (MC-1109435)<\/strong>, Mexicom USA opera bajo autoridad federal y cumple con los est\u00e1ndares requeridos para el transporte de carga interestatal.<\/p>\n[\/vc_column_text][\/vc_column][vc_column width=\u00bb1\/12&#8243;][\/vc_column][\/mk_page_section][mk_page_section speed_factor=\u00bb0&#8243; video_opacity=\u00bb0&#8243; animation=\u00bbleft-to-right\u00bb sidebar=\u00bbsidebar-1&#8243;][vc_column width=\u00bb1\/12&#8243;][\/vc_column][vc_column width=\u00bb5\/6&#8243;][vc_empty_space][vc_column_text title=\u00bbOperaciones con un equipo profesional\u00bb disable_pattern=\u00bbfalse\u00bb css=\u00bb.vc_custom_1769100374747{margin-bottom: 0px !important;}\u00bb]\n<p data-start=\"1206\" data-end=\"1425\">Nuestras operaciones est\u00e1n lideradas por profesionales calificados con base en Estados Unidos, que combinan experiencia en la industria, conocimiento regional y un entendimiento pr\u00e1ctico de los marcos regulatorios aplicables.<\/p>\n[\/vc_column_text][\/vc_column][vc_column width=\u00bb1\/12&#8243;][\/vc_column][\/mk_page_section][mk_page_section][vc_column width=\u00bb1\/12&#8243;][\/vc_column][vc_column width=\u00bb5\/6&#8243;][vc_column_text title=\u00bbLa integridad y cumplimiento normativo como base\u00bb disable_pattern=\u00bbfalse\u00bb css=\u00bb.vc_custom_1769100568243{margin-bottom: 0px !important;}\u00bb]\n<p data-start=\"192\" data-end=\"541\">En Mexicom USA, la integridad y el cumplimiento normativo no son un complemento: son el pilar de nuestra operaci\u00f3n. Nuestras actividades se alinean con las regulaciones de transporte de Estados Unidos, los requisitos de seguridad y las mejores pr\u00e1cticas del sector, lo que permite a nuestros clientes mover carga con confianza a trav\u00e9s de fronteras.<\/p>\n<p data-start=\"543\" data-end=\"716\">Mantenemos autoridad operativa activa, cobertura de seguro verificada y procesos internos dise\u00f1ados para garantizar servicios de transporte seguros, legales y transparentes.<\/p>\n[\/vc_column_text][vc_empty_space][mk_button dimension=\u00bboutline\u00bb corner_style=\u00bbfull_rounded\u00bb size=\u00bblarge\u00bb icon_anim=\u00bbside\u00bb url=\u00bbhttps:\/\/safer.fmcsa.dot.gov\/query.asp?searchtype=ANY&amp;query_type=queryCarrierSnapshot&amp;query_param=USDOT&amp;query_string=3427189&#8243; target=\u00bb_blank\u00bb align=\u00bbcenter\u00bb animation=\u00bbbottom-to-top\u00bb outline_skin=\u00bbcustom\u00bb outline_active_text_color=\u00bb#de0c14&#8243; outline_hover_bg_color=\u00bb#de0c14&#8243; outline_hover_color=\u00bb#ffffff\u00bb]Verifica nuestra autoridad DOT[\/mk_button][vc_empty_space][vc_empty_space][\/vc_column][vc_column width=\u00bb1\/12&#8243;][\/vc_column][\/mk_page_section][mk_page_section][vc_column width=\u00bb1\/12&#8243;][\/vc_column][vc_column width=\u00bb5\/6&#8243;][vc_empty_space][vc_empty_space][vc_empty_space][vc_single_image image=\u00bb2467&#8243; img_size=\u00bbfull\u00bb css_animation=\u00bbfadeInUp\u00bb css=\u00bb.vc_custom_1769099678495{border-radius: 15px !important;}\u00bb][\/vc_column][vc_column width=\u00bb1\/12&#8243;][\/vc_column][\/mk_page_section][mk_page_section][vc_column][vc_row_inner][vc_column_inner width=\u00bb1\/3&#8243;][vc_empty_space][vc_empty_space][vc_empty_space][mk_milestone icon_size=\u00bblarge\u00bb align=\u00bbcenter\u00bb stop=\u00bb4500&#8243; prefix=\u00bb+\u00bb text=\u00bbClientes satisfechos en Norteam\u00e9rica\u00bb text_color=\u00bb#ff0000&#8243; text_size=\u00bb12&#8243; font_family=\u00bbMontserrat\u00bb font_type=\u00bbgoogle\u00bb font_weight=\u00bb500&#8243; desc_size=\u00bb18&#8243;][vc_empty_space][vc_empty_space][vc_empty_space][\/vc_column_inner][vc_column_inner width=\u00bb1\/3&#8243;][vc_empty_space][vc_empty_space][vc_empty_space][mk_milestone icon_size=\u00bblarge\u00bb align=\u00bbcenter\u00bb stop=\u00bb20&#8243; prefix=\u00bb+\u00bb text=\u00bbA\u00f1os de experiencia brindando servicios de transporte de carga\u00bb text_color=\u00bb#ff0000&#8243; text_size=\u00bb12&#8243; font_family=\u00bbMontserrat\u00bb font_type=\u00bbgoogle\u00bb font_weight=\u00bb500&#8243; desc_size=\u00bb18&#8243;][vc_empty_space][vc_empty_space][vc_empty_space][\/vc_column_inner][vc_column_inner width=\u00bb1\/3&#8243;][vc_empty_space][vc_empty_space][vc_empty_space][mk_milestone icon_size=\u00bblarge\u00bb align=\u00bbcenter\u00bb stop=\u00bb11000&#8243; prefix=\u00bb+\u00bb text=\u00bbCargas transportadas atrav\u00e9s de las fronteras de M\u00e9xico, Estados Unidos y Canad\u00e1\u00bb text_color=\u00bb#ff0000&#8243; text_size=\u00bb12&#8243; font_family=\u00bbMontserrat\u00bb font_type=\u00bbgoogle\u00bb font_weight=\u00bb500&#8243; desc_size=\u00bb18&#8243;][vc_empty_space][vc_empty_space][vc_empty_space][\/vc_column_inner][\/vc_row_inner][\/vc_column][\/mk_page_section][mk_page_section][vc_column width=\u00bb1\/6&#8243;][\/vc_column][vc_column width=\u00bb2\/3&#8243;][vc_empty_space][vc_empty_space][mk_button dimension=\u00bboutline\u00bb corner_style=\u00bbfull_rounded\u00bb size=\u00bblarge\u00bb icon_anim=\u00bbside\u00bb url=\u00bbhttps:\/\/mexicomusa.com\/es\/nuestros-servicios\/\u00bb align=\u00bbcenter\u00bb outline_skin=\u00bbcustom\u00bb outline_active_text_color=\u00bb#de0c14&#8243; outline_hover_bg_color=\u00bb#de0c14&#8243; outline_hover_color=\u00bb#ffffff\u00bb]Conoce nuestros servicios [\/mk_button][vc_empty_space][vc_empty_space][\/vc_column][vc_column width=\u00bb1\/6&#8243;][\/vc_column][\/mk_page_section][mk_page_section][vc_column width=\u00bb1\/3&#8243;][vc_empty_space][vc_single_image image=\u00bb1913&#8243; img_size=\u00bbfull\u00bb alignment=\u00bbright\u00bb css_animation=\u00bbfadeInRight\u00bb][vc_empty_space][\/vc_column][vc_column width=\u00bb2\/3&#8243;][vc_empty_space][vc_empty_space height=\u00bb20px\u00bb][mk_fancy_title color=\u00bb#e20c14&#8243; size=\u00bb24&#8243; font_weight=\u00bbbold\u00bb font_family=\u00bbnone\u00bb align=\u00bbcenter\u00bb animation=\u00bbbottom-to-top\u00bb]\n<p style=\"text-align: center;\">OPORTUNIDADES DE EMPLEO<\/p>\n[\/mk_fancy_title][vc_column_text css=\u00bb.vc_custom_1769100968633{margin-bottom: 0px !important;}\u00bb]\n<p class=\"p1\" style=\"text-align: center;\"><strong>\u00danete a nuestro equipo<\/strong><\/p>\n<p style=\"text-align: center;\">Trabajar con nosotros significa m\u00e1s que un empleo: es una oportunidad de crecimiento en log\u00edstica internacional.<\/p>\n<p><strong data-start=\"444\" data-end=\"460\">Aplica ahora<\/strong> para formar parte de un equipo que impulsa el futuro del transporte internacional, con flexibilidad y trabajo remoto.[\/vc_column_text][vc_empty_space height=\u00bb12px\u00bb][mk_button dimension=\u00bboutline\u00bb corner_style=\u00bbfull_rounded\u00bb size=\u00bblarge\u00bb icon_anim=\u00bbside\u00bb url=\u00bbhttps:\/\/mexicomusa.com\/job-vacancy-independent-sales-agents-musa\/\u00bb align=\u00bbcenter\u00bb outline_skin=\u00bbcustom\u00bb outline_active_text_color=\u00bb#de0c14&#8243; outline_hover_bg_color=\u00bb#de0c14&#8243; outline_hover_color=\u00bb#ffffff\u00bb]APLICA AHORA[\/mk_button][\/vc_column][\/mk_page_section][mk_page_section][vc_column width=\u00bb1\/12&#8243;][\/vc_column][vc_column width=\u00bb5\/6&#8243;][vc_empty_space][vc_empty_space][mk_testimonials title=\u00bbTestimonials\u00bb count=\u00bb1&#8243; testimonials=\u00bb211&#8243;][mk_padding_divider][vc_empty_space][vc_empty_space][\/vc_column][vc_column width=\u00bb1\/12&#8243;][\/vc_column][\/mk_page_section][mk_page_section][vc_column width=\u00bb1\/6&#8243;][\/vc_column][vc_column width=\u00bb2\/3&#8243;][vc_empty_space][vc_empty_space][vc_empty_space][mk_fancy_title color=\u00bb#e20c14&#8243; size=\u00bb24&#8243; line_height=\u00bb100&#8243; font_weight=\u00bbbold\u00bb letter_spacing=\u00bb0&#8243; margin_top=\u00bb0&#8243; margin_bottom=\u00bb20&#8243; font_family=\u00bbnone\u00bb align=\u00bbcenter\u00bb animation=\u00bbbottom-to-top\u00bb]MIEMBRO DE MEXICOM GROUP[\/mk_fancy_title][vc_empty_space][vc_single_image image=\u00bb505&#8243; img_size=\u00bb260&#215;120&#8243; alignment=\u00bbcenter\u00bb][vc_empty_space][vc_empty_space][vc_column_text margin_bottom=\u00bb0&#8243; css=\u00bb.vc_custom_1769193489701{margin-bottom: 0px !important;}\u00bb]\n<h3 data-start=\"2562\" data-end=\"2613\">Una estructura norteamericana dise\u00f1ada para la eficiencia y el cumplimiento normativo.<\/h3>\n<p data-start=\"1007\" data-end=\"1132\">Mexicom USA forma parte de Mexicom Group, un grupo de compa\u00f1\u00edas en Norteam\u00e9rica conformado por tres empresas especializadas:<\/p>\n<ul data-start=\"1134\" data-end=\"1271\">\n<li data-start=\"1134\" data-end=\"1175\">\n<p data-start=\"1136\" data-end=\"1175\"><strong data-start=\"1136\" data-end=\"1152\">Transmexicom<\/strong> \u2013 Con base en M\u00e9xico<\/p>\n<\/li>\n<li data-start=\"1176\" data-end=\"1224\">\n<p data-start=\"1178\" data-end=\"1224\"><strong data-start=\"1178\" data-end=\"1193\">Mexicom USA<\/strong> \u2013 Con base en Estados Unidos<\/p>\n<\/li>\n<li data-start=\"1225\" data-end=\"1271\">\n<p data-start=\"1227\" data-end=\"1271\"><strong data-start=\"1227\" data-end=\"1248\">Mexicom Logistics<\/strong> \u2013 Con base en Canad\u00e1<\/p>\n<\/li>\n<\/ul>\n<p data-start=\"1273\" data-end=\"1521\">Cada empresa opera de forma independiente dentro de su pa\u00eds, cumpliendo con las leyes locales, marcos regulatorios y est\u00e1ndares de la industria, mientras colaboran para ofrecer soluciones log\u00edsticas transfronterizas integrales.<\/p>\n[\/vc_column_text][vc_empty_space][mk_button dimension=\u00bboutline\u00bb corner_style=\u00bbfull_rounded\u00bb size=\u00bblarge\u00bb icon_anim=\u00bbside\u00bb url=\u00bbhttps:\/\/mexicomgroup.com\u00bb align=\u00bbcenter\u00bb outline_skin=\u00bbcustom\u00bb outline_active_text_color=\u00bb#de0c14&#8243; outline_hover_bg_color=\u00bb#de0c14&#8243; outline_hover_color=\u00bb#ffffff\u00bb]mexicomgroup.com [\/mk_button][vc_empty_space][vc_empty_space][vc_column_text css=\u00bb.vc_custom_1769101140484{margin-bottom: 0px !important;}\u00bb]\n<h3 data-start=\"3107\" data-end=\"3139\">MOVIENDO CARGA DE LA MANERA CORRECTA<\/h3>\n<p data-start=\"3141\" data-end=\"3374\">Creemos que las alianzas a largo plazo se construyen con confianza, consistencia y responsabilidad. En Mexicom USA, cada env\u00edo se gestiona con el mismo objetivo: mover carga de manera responsable, conforme a las normas y eficiente en toda Norteam\u00e9rica.<\/p>\n[\/vc_column_text][vc_empty_space][\/vc_column][vc_column width=\u00bb1\/6&#8243;][\/vc_column][\/mk_page_section]\n<\/div>","protected":false},"excerpt":{"rendered":"<p>[mk_page_section][vc_column][vc_empty_space][vc_empty_space][vc_empty_space][\/vc_column][\/mk_page_section][mk_page_section][vc_column width=\u00bb1\/12&#8243;][\/vc_column][vc_column width=\u00bb5\/6&#8243;][vc_empty_space][vc_empty_space][mk_fancy_title color=\u00bb#e20c14&#8243; size=\u00bb24&#8243; font_weight=\u00bbbold\u00bb font_family=\u00bbnone\u00bb align=\u00bbcenter\u00bb animation=\u00bbbottom-to-top\u00bb] Mexicom USA Con sede en EE. UU., especializada en en transporte transfronterizo y dom\u00e9stico. [\/mk_fancy_title][vc_empty_space][vc_column_text css=\u00bb.vc_custom_1769100168502{margin-bottom: 0px !important;}\u00bb] Mexicom USA es un proveedor de log\u00edstica y transporte con sede en Estados Unidos, especializado en soluciones de carga terrestre eficientes y en cumplimiento normativo en toda Norteam\u00e9rica. [&hellip;]<\/p>\n","protected":false},"author":1,"featured_media":0,"parent":0,"menu_order":2,"comment_status":"closed","ping_status":"closed","template":"","meta":{"content-type":"","footnotes":""},"class_list":["post-1638","page","type-page","status-publish","hentry"],"yoast_head":"<!-- This site is optimized with the Yoast SEO plugin v27.3 - https:\/\/yoast.com\/product\/yoast-seo-wordpress\/ -->\n<title>Acerca de nosotros Mexicom USA - MexicomUSA<\/title>\n<meta name=\"description\" content=\"Mexicom USA es una empresa de log\u00edstica y transporte con sede en Estados Unidos que conecta Norteam\u00e9rica mediante soluciones de carga terrestre confiables, cumplidoras y eficientes. Operando desde Estados Unidos, apoyamos a los embarcadores que mueven mercanc\u00eda entre M\u00e9xico y Estados Unidos, as\u00ed como en rutas nacionales dentro de Estados Unidos, con un fuerte enfoque en la integridad operativa y el cumplimiento regulatorio.\" \/>\n<meta name=\"robots\" content=\"index, follow, max-snippet:-1, max-image-preview:large, max-video-preview:-1\" \/>\n<link rel=\"canonical\" href=\"https:\/\/mexicomusa.com\/es\/nosotros\/\" \/>\n<meta property=\"og:locale\" content=\"es_ES\" \/>\n<meta property=\"og:type\" content=\"article\" \/>\n<meta property=\"og:title\" content=\"Acerca de nosotros Mexicom USA - MexicomUSA\" \/>\n<meta property=\"og:description\" content=\"Mexicom USA es una empresa de log\u00edstica y transporte con sede en Estados Unidos que conecta Norteam\u00e9rica mediante soluciones de carga terrestre confiables, cumplidoras y eficientes. Operando desde Estados Unidos, apoyamos a los embarcadores que mueven mercanc\u00eda entre M\u00e9xico y Estados Unidos, as\u00ed como en rutas nacionales dentro de Estados Unidos, con un fuerte enfoque en la integridad operativa y el cumplimiento regulatorio.\" \/>\n<meta property=\"og:url\" content=\"https:\/\/mexicomusa.com\/es\/nosotros\/\" \/>\n<meta property=\"og:site_name\" content=\"MexicomUSA\" \/>\n<meta property=\"article:modified_time\" content=\"2026-01-23T18:38:14+00:00\" \/>\n<meta name=\"twitter:card\" content=\"summary_large_image\" \/>\n<meta name=\"twitter:label1\" content=\"Tiempo de lectura\" \/>\n\t<meta name=\"twitter:data1\" content=\"4 minutos\" \/>\n<script type=\"application\/ld+json\" class=\"yoast-schema-graph\">{\"@context\":\"https:\\\/\\\/schema.org\",\"@graph\":[{\"@type\":\"WebPage\",\"@id\":\"https:\\\/\\\/mexicomusa.com\\\/es\\\/nosotros\\\/\",\"url\":\"https:\\\/\\\/mexicomusa.com\\\/es\\\/nosotros\\\/\",\"name\":\"Acerca de nosotros Mexicom USA - MexicomUSA\",\"isPartOf\":{\"@id\":\"https:\\\/\\\/mexicomusa.com\\\/es\\\/#website\"},\"datePublished\":\"2022-06-08T14:28:38+00:00\",\"dateModified\":\"2026-01-23T18:38:14+00:00\",\"description\":\"Mexicom USA es una empresa de log\u00edstica y transporte con sede en Estados Unidos que conecta Norteam\u00e9rica mediante soluciones de carga terrestre confiables, cumplidoras y eficientes. Operando desde Estados Unidos, apoyamos a los embarcadores que mueven mercanc\u00eda entre M\u00e9xico y Estados Unidos, as\u00ed como en rutas nacionales dentro de Estados Unidos, con un fuerte enfoque en la integridad operativa y el cumplimiento regulatorio.\",\"breadcrumb\":{\"@id\":\"https:\\\/\\\/mexicomusa.com\\\/es\\\/nosotros\\\/#breadcrumb\"},\"inLanguage\":\"es\",\"potentialAction\":[{\"@type\":\"ReadAction\",\"target\":[\"https:\\\/\\\/mexicomusa.com\\\/es\\\/nosotros\\\/\"]}]},{\"@type\":\"BreadcrumbList\",\"@id\":\"https:\\\/\\\/mexicomusa.com\\\/es\\\/nosotros\\\/#breadcrumb\",\"itemListElement\":[{\"@type\":\"ListItem\",\"position\":1,\"name\":\"Home\",\"item\":\"https:\\\/\\\/mexicomusa.com\\\/es\\\/\"},{\"@type\":\"ListItem\",\"position\":2,\"name\":\"Acerca de nosotros Mexicom USA\"}]},{\"@type\":\"WebSite\",\"@id\":\"https:\\\/\\\/mexicomusa.com\\\/es\\\/#website\",\"url\":\"https:\\\/\\\/mexicomusa.com\\\/es\\\/\",\"name\":\"Mexicom USA\",\"description\":\"\",\"publisher\":{\"@id\":\"https:\\\/\\\/mexicomusa.com\\\/es\\\/#organization\"},\"potentialAction\":[{\"@type\":\"SearchAction\",\"target\":{\"@type\":\"EntryPoint\",\"urlTemplate\":\"https:\\\/\\\/mexicomusa.com\\\/es\\\/?s={search_term_string}\"},\"query-input\":{\"@type\":\"PropertyValueSpecification\",\"valueRequired\":true,\"valueName\":\"search_term_string\"}}],\"inLanguage\":\"es\"},{\"@type\":\"Organization\",\"@id\":\"https:\\\/\\\/mexicomusa.com\\\/es\\\/#organization\",\"name\":\"Mexicom USA\",\"url\":\"https:\\\/\\\/mexicomusa.com\\\/es\\\/\",\"logo\":{\"@type\":\"ImageObject\",\"inLanguage\":\"es\",\"@id\":\"https:\\\/\\\/mexicomusa.com\\\/es\\\/#\\\/schema\\\/logo\\\/image\\\/\",\"url\":\"https:\\\/\\\/mexicomusa.com\\\/wp-content\\\/uploads\\\/2022\\\/04\\\/cropped-MEXICOMUSA-COLOR.png\",\"contentUrl\":\"https:\\\/\\\/mexicomusa.com\\\/wp-content\\\/uploads\\\/2022\\\/04\\\/cropped-MEXICOMUSA-COLOR.png\",\"width\":1080,\"height\":566,\"caption\":\"Mexicom USA\"},\"image\":{\"@id\":\"https:\\\/\\\/mexicomusa.com\\\/es\\\/#\\\/schema\\\/logo\\\/image\\\/\"}}]}<\/script>\n<!-- \/ Yoast SEO plugin. -->","yoast_head_json":{"title":"Acerca de nosotros Mexicom USA - MexicomUSA","description":"Mexicom USA es una empresa de log\u00edstica y transporte con sede en Estados Unidos que conecta Norteam\u00e9rica mediante soluciones de carga terrestre confiables, cumplidoras y eficientes. Operando desde Estados Unidos, apoyamos a los embarcadores que mueven mercanc\u00eda entre M\u00e9xico y Estados Unidos, as\u00ed como en rutas nacionales dentro de Estados Unidos, con un fuerte enfoque en la integridad operativa y el cumplimiento regulatorio.","robots":{"index":"index","follow":"follow","max-snippet":"max-snippet:-1","max-image-preview":"max-image-preview:large","max-video-preview":"max-video-preview:-1"},"canonical":"https:\/\/mexicomusa.com\/es\/nosotros\/","og_locale":"es_ES","og_type":"article","og_title":"Acerca de nosotros Mexicom USA - MexicomUSA","og_description":"Mexicom USA es una empresa de log\u00edstica y transporte con sede en Estados Unidos que conecta Norteam\u00e9rica mediante soluciones de carga terrestre confiables, cumplidoras y eficientes. Operando desde Estados Unidos, apoyamos a los embarcadores que mueven mercanc\u00eda entre M\u00e9xico y Estados Unidos, as\u00ed como en rutas nacionales dentro de Estados Unidos, con un fuerte enfoque en la integridad operativa y el cumplimiento regulatorio.","og_url":"https:\/\/mexicomusa.com\/es\/nosotros\/","og_site_name":"MexicomUSA","article_modified_time":"2026-01-23T18:38:14+00:00","twitter_card":"summary_large_image","twitter_misc":{"Tiempo de lectura":"4 minutos"},"schema":{"@context":"https:\/\/schema.org","@graph":[{"@type":"WebPage","@id":"https:\/\/mexicomusa.com\/es\/nosotros\/","url":"https:\/\/mexicomusa.com\/es\/nosotros\/","name":"Acerca de nosotros Mexicom USA - MexicomUSA","isPartOf":{"@id":"https:\/\/mexicomusa.com\/es\/#website"},"datePublished":"2022-06-08T14:28:38+00:00","dateModified":"2026-01-23T18:38:14+00:00","description":"Mexicom USA es una empresa de log\u00edstica y transporte con sede en Estados Unidos que conecta Norteam\u00e9rica mediante soluciones de carga terrestre confiables, cumplidoras y eficientes. Operando desde Estados Unidos, apoyamos a los embarcadores que mueven mercanc\u00eda entre M\u00e9xico y Estados Unidos, as\u00ed como en rutas nacionales dentro de Estados Unidos, con un fuerte enfoque en la integridad operativa y el cumplimiento regulatorio.","breadcrumb":{"@id":"https:\/\/mexicomusa.com\/es\/nosotros\/#breadcrumb"},"inLanguage":"es","potentialAction":[{"@type":"ReadAction","target":["https:\/\/mexicomusa.com\/es\/nosotros\/"]}]},{"@type":"BreadcrumbList","@id":"https:\/\/mexicomusa.com\/es\/nosotros\/#breadcrumb","itemListElement":[{"@type":"ListItem","position":1,"name":"Home","item":"https:\/\/mexicomusa.com\/es\/"},{"@type":"ListItem","position":2,"name":"Acerca de nosotros Mexicom USA"}]},{"@type":"WebSite","@id":"https:\/\/mexicomusa.com\/es\/#website","url":"https:\/\/mexicomusa.com\/es\/","name":"Mexicom USA","description":"","publisher":{"@id":"https:\/\/mexicomusa.com\/es\/#organization"},"potentialAction":[{"@type":"SearchAction","target":{"@type":"EntryPoint","urlTemplate":"https:\/\/mexicomusa.com\/es\/?s={search_term_string}"},"query-input":{"@type":"PropertyValueSpecification","valueRequired":true,"valueName":"search_term_string"}}],"inLanguage":"es"},{"@type":"Organization","@id":"https:\/\/mexicomusa.com\/es\/#organization","name":"Mexicom USA","url":"https:\/\/mexicomusa.com\/es\/","logo":{"@type":"ImageObject","inLanguage":"es","@id":"https:\/\/mexicomusa.com\/es\/#\/schema\/logo\/image\/","url":"https:\/\/mexicomusa.com\/wp-content\/uploads\/2022\/04\/cropped-MEXICOMUSA-COLOR.png","contentUrl":"https:\/\/mexicomusa.com\/wp-content\/uploads\/2022\/04\/cropped-MEXICOMUSA-COLOR.png","width":1080,"height":566,"caption":"Mexicom USA"},"image":{"@id":"https:\/\/mexicomusa.com\/es\/#\/schema\/logo\/image\/"}}]}},"_links":{"self":[{"href":"https:\/\/mexicomusa.com\/es\/wp-json\/wp\/v2\/pages\/1638","targetHints":{"allow":["GET"]}}],"collection":[{"href":"https:\/\/mexicomusa.com\/es\/wp-json\/wp\/v2\/pages"}],"about":[{"href":"https:\/\/mexicomusa.com\/es\/wp-json\/wp\/v2\/types\/page"}],"author":[{"embeddable":true,"href":"https:\/\/mexicomusa.com\/es\/wp-json\/wp\/v2\/users\/1"}],"replies":[{"embeddable":true,"href":"https:\/\/mexicomusa.com\/es\/wp-json\/wp\/v2\/comments?post=1638"}],"version-history":[{"count":7,"href":"https:\/\/mexicomusa.com\/es\/wp-json\/wp\/v2\/pages\/1638\/revisions"}],"predecessor-version":[{"id":2500,"href":"https:\/\/mexicomusa.com\/es\/wp-json\/wp\/v2\/pages\/1638\/revisions\/2500"}],"wp:attachment":[{"href":"https:\/\/mexicomusa.com\/es\/wp-json\/wp\/v2\/media?parent=1638"}],"curies":[{"name":"wp","href":"https:\/\/api.w.org\/{rel}","templated":true}]}}