{"id":1361,"date":"2023-12-04T12:55:03","date_gmt":"2023-12-04T17:55:03","guid":{"rendered":"https:\/\/mexicomusa.com\/blog-mexicom-usa-academy\/"},"modified":"2023-12-08T14:12:21","modified_gmt":"2023-12-08T19:12:21","slug":"blog-mexicom-usa-academy","status":"publish","type":"page","link":"https:\/\/mexicomusa.com\/es\/blog-mexicom-usa-academy\/","title":{"rendered":"BLOG &#8211; Mexicom USA Academy"},"content":{"rendered":"<div class=\"wpb-content-wrapper\">[vc_row id=\u00bbHomeSlideShow\u00bb][vc_column][layerslider_vc id=\u00bb18&#8243;][\/vc_column][\/vc_row][vc_row css=\u00bb.vc_custom_1657720578779{padding-top: 2rem !important;padding-bottom: 2rem !important;}\u00bb][vc_column][vc_empty_space][\/vc_column][\/vc_row][vc_row css=\u00bb.vc_custom_1655732593737{margin-bottom: 2rem !important;}\u00bb][vc_column][vc_column_text css=\u00bb.vc_custom_1701712498437{margin-bottom: 0px !important;}\u00bb]\n<p style=\"text-align: center;\">Mexicom Academy es un lugar con contenido \u00fatil, de f\u00e1cil lectura, fresco y detallado que ayuda a nuestros lectores a comprender todos los aspectos del transporte de carga, la cadena de suministro y la log\u00edstica entre Mexico y Estados Unidos.<\/p>\n<p style=\"text-align: center;\">El blog est\u00e1 dirigido a los encargados de gestionar y organizar el transporte de mercanc\u00edas y cadenas de suministros a trav\u00e9s de\u00a0 las fronteras de Am\u00e9rica del Norte.<\/p>\n[\/vc_column_text][\/vc_column][\/vc_row][vc_row css=\u00bb.vc_custom_1657720578779{padding-top: 2rem !important;padding-bottom: 2rem !important;}\u00bb][vc_column][vc_empty_space][mk_blog exclude_post_format=\u00bb\u00bb][\/vc_column][\/vc_row]\n<\/div>","protected":false},"excerpt":{"rendered":"<p>[vc_row id=\u00bbHomeSlideShow\u00bb][vc_column][layerslider_vc id=\u00bb18&#8243;][\/vc_column][\/vc_row][vc_row css=\u00bb.vc_custom_1657720578779{padding-top: 2rem !important;padding-bottom: 2rem !important;}\u00bb][vc_column][vc_empty_space][\/vc_column][\/vc_row][vc_row css=\u00bb.vc_custom_1655732593737{margin-bottom: 2rem !important;}\u00bb][vc_column][vc_column_text css=\u00bb.vc_custom_1701712498437{margin-bottom: 0px !important;}\u00bb] Mexicom Academy es un lugar con contenido \u00fatil, de f\u00e1cil lectura, fresco y detallado que ayuda a nuestros lectores a comprender todos los aspectos del transporte de carga, la cadena de suministro y la log\u00edstica entre Mexico y Estados Unidos. El [&hellip;]<\/p>\n","protected":false},"author":2,"featured_media":0,"parent":0,"menu_order":0,"comment_status":"closed","ping_status":"closed","template":"","meta":{"content-type":"","footnotes":""},"class_list":["post-1361","page","type-page","status-publish","hentry"],"yoast_head":"<!-- This site is optimized with the Yoast SEO plugin v27.3 - https:\/\/yoast.com\/product\/yoast-seo-wordpress\/ -->\n<title>BLOG - Mexicom USA Academy - MexicomUSA<\/title>\n<meta name=\"robots\" content=\"index, follow, max-snippet:-1, max-image-preview:large, max-video-preview:-1\" \/>\n<link rel=\"canonical\" href=\"https:\/\/mexicomusa.com\/es\/blog-mexicom-usa-academy\/\" \/>\n<meta property=\"og:locale\" content=\"es_ES\" \/>\n<meta property=\"og:type\" content=\"article\" \/>\n<meta property=\"og:title\" content=\"BLOG - Mexicom USA Academy - MexicomUSA\" \/>\n<meta property=\"og:description\" content=\"[vc_row id=\u00bbHomeSlideShow\u00bb][vc_column][layerslider_vc id=\u00bb18&#8243;][\/vc_column][\/vc_row][vc_row css=\u00bb.vc_custom_1657720578779{padding-top: 2rem !important;padding-bottom: 2rem !important;}\u00bb][vc_column][vc_empty_space][\/vc_column][\/vc_row][vc_row css=\u00bb.vc_custom_1655732593737{margin-bottom: 2rem !important;}\u00bb][vc_column][vc_column_text css=\u00bb.vc_custom_1701712498437{margin-bottom: 0px !important;}\u00bb] Mexicom Academy es un lugar con contenido \u00fatil, de f\u00e1cil lectura, fresco y detallado que ayuda a nuestros lectores a comprender todos los aspectos del transporte de carga, la cadena de suministro y la log\u00edstica entre Mexico y Estados Unidos. El [&hellip;]\" \/>\n<meta property=\"og:url\" content=\"https:\/\/mexicomusa.com\/es\/blog-mexicom-usa-academy\/\" \/>\n<meta property=\"og:site_name\" content=\"MexicomUSA\" \/>\n<meta property=\"article:modified_time\" content=\"2023-12-08T19:12:21+00:00\" \/>\n<meta name=\"twitter:card\" content=\"summary_large_image\" \/>\n<meta name=\"twitter:label1\" content=\"Tiempo de lectura\" \/>\n\t<meta name=\"twitter:data1\" content=\"1 minuto\" \/>\n<script type=\"application\/ld+json\" class=\"yoast-schema-graph\">{\"@context\":\"https:\\\/\\\/schema.org\",\"@graph\":[{\"@type\":\"WebPage\",\"@id\":\"https:\\\/\\\/mexicomusa.com\\\/es\\\/blog-mexicom-usa-academy\\\/\",\"url\":\"https:\\\/\\\/mexicomusa.com\\\/es\\\/blog-mexicom-usa-academy\\\/\",\"name\":\"BLOG - Mexicom USA Academy - MexicomUSA\",\"isPartOf\":{\"@id\":\"https:\\\/\\\/mexicomusa.com\\\/es\\\/#website\"},\"datePublished\":\"2023-12-04T17:55:03+00:00\",\"dateModified\":\"2023-12-08T19:12:21+00:00\",\"breadcrumb\":{\"@id\":\"https:\\\/\\\/mexicomusa.com\\\/es\\\/blog-mexicom-usa-academy\\\/#breadcrumb\"},\"inLanguage\":\"es\",\"potentialAction\":[{\"@type\":\"ReadAction\",\"target\":[\"https:\\\/\\\/mexicomusa.com\\\/es\\\/blog-mexicom-usa-academy\\\/\"]}]},{\"@type\":\"BreadcrumbList\",\"@id\":\"https:\\\/\\\/mexicomusa.com\\\/es\\\/blog-mexicom-usa-academy\\\/#breadcrumb\",\"itemListElement\":[{\"@type\":\"ListItem\",\"position\":1,\"name\":\"Home\",\"item\":\"https:\\\/\\\/mexicomusa.com\\\/es\\\/\"},{\"@type\":\"ListItem\",\"position\":2,\"name\":\"BLOG &#8211; Mexicom USA Academy\"}]},{\"@type\":\"WebSite\",\"@id\":\"https:\\\/\\\/mexicomusa.com\\\/es\\\/#website\",\"url\":\"https:\\\/\\\/mexicomusa.com\\\/es\\\/\",\"name\":\"Mexicom USA\",\"description\":\"\",\"publisher\":{\"@id\":\"https:\\\/\\\/mexicomusa.com\\\/es\\\/#organization\"},\"potentialAction\":[{\"@type\":\"SearchAction\",\"target\":{\"@type\":\"EntryPoint\",\"urlTemplate\":\"https:\\\/\\\/mexicomusa.com\\\/es\\\/?s={search_term_string}\"},\"query-input\":{\"@type\":\"PropertyValueSpecification\",\"valueRequired\":true,\"valueName\":\"search_term_string\"}}],\"inLanguage\":\"es\"},{\"@type\":\"Organization\",\"@id\":\"https:\\\/\\\/mexicomusa.com\\\/es\\\/#organization\",\"name\":\"Mexicom USA\",\"url\":\"https:\\\/\\\/mexicomusa.com\\\/es\\\/\",\"logo\":{\"@type\":\"ImageObject\",\"inLanguage\":\"es\",\"@id\":\"https:\\\/\\\/mexicomusa.com\\\/es\\\/#\\\/schema\\\/logo\\\/image\\\/\",\"url\":\"https:\\\/\\\/mexicomusa.com\\\/wp-content\\\/uploads\\\/2022\\\/04\\\/cropped-MEXICOMUSA-COLOR.png\",\"contentUrl\":\"https:\\\/\\\/mexicomusa.com\\\/wp-content\\\/uploads\\\/2022\\\/04\\\/cropped-MEXICOMUSA-COLOR.png\",\"width\":1080,\"height\":566,\"caption\":\"Mexicom USA\"},\"image\":{\"@id\":\"https:\\\/\\\/mexicomusa.com\\\/es\\\/#\\\/schema\\\/logo\\\/image\\\/\"}}]}<\/script>\n<!-- \/ Yoast SEO plugin. -->","yoast_head_json":{"title":"BLOG - Mexicom USA Academy - MexicomUSA","robots":{"index":"index","follow":"follow","max-snippet":"max-snippet:-1","max-image-preview":"max-image-preview:large","max-video-preview":"max-video-preview:-1"},"canonical":"https:\/\/mexicomusa.com\/es\/blog-mexicom-usa-academy\/","og_locale":"es_ES","og_type":"article","og_title":"BLOG - Mexicom USA Academy - MexicomUSA","og_description":"[vc_row id=\u00bbHomeSlideShow\u00bb][vc_column][layerslider_vc id=\u00bb18&#8243;][\/vc_column][\/vc_row][vc_row css=\u00bb.vc_custom_1657720578779{padding-top: 2rem !important;padding-bottom: 2rem !important;}\u00bb][vc_column][vc_empty_space][\/vc_column][\/vc_row][vc_row css=\u00bb.vc_custom_1655732593737{margin-bottom: 2rem !important;}\u00bb][vc_column][vc_column_text css=\u00bb.vc_custom_1701712498437{margin-bottom: 0px !important;}\u00bb] Mexicom Academy es un lugar con contenido \u00fatil, de f\u00e1cil lectura, fresco y detallado que ayuda a nuestros lectores a comprender todos los aspectos del transporte de carga, la cadena de suministro y la log\u00edstica entre Mexico y Estados Unidos. El [&hellip;]","og_url":"https:\/\/mexicomusa.com\/es\/blog-mexicom-usa-academy\/","og_site_name":"MexicomUSA","article_modified_time":"2023-12-08T19:12:21+00:00","twitter_card":"summary_large_image","twitter_misc":{"Tiempo de lectura":"1 minuto"},"schema":{"@context":"https:\/\/schema.org","@graph":[{"@type":"WebPage","@id":"https:\/\/mexicomusa.com\/es\/blog-mexicom-usa-academy\/","url":"https:\/\/mexicomusa.com\/es\/blog-mexicom-usa-academy\/","name":"BLOG - Mexicom USA Academy - MexicomUSA","isPartOf":{"@id":"https:\/\/mexicomusa.com\/es\/#website"},"datePublished":"2023-12-04T17:55:03+00:00","dateModified":"2023-12-08T19:12:21+00:00","breadcrumb":{"@id":"https:\/\/mexicomusa.com\/es\/blog-mexicom-usa-academy\/#breadcrumb"},"inLanguage":"es","potentialAction":[{"@type":"ReadAction","target":["https:\/\/mexicomusa.com\/es\/blog-mexicom-usa-academy\/"]}]},{"@type":"BreadcrumbList","@id":"https:\/\/mexicomusa.com\/es\/blog-mexicom-usa-academy\/#breadcrumb","itemListElement":[{"@type":"ListItem","position":1,"name":"Home","item":"https:\/\/mexicomusa.com\/es\/"},{"@type":"ListItem","position":2,"name":"BLOG &#8211; Mexicom USA Academy"}]},{"@type":"WebSite","@id":"https:\/\/mexicomusa.com\/es\/#website","url":"https:\/\/mexicomusa.com\/es\/","name":"Mexicom USA","description":"","publisher":{"@id":"https:\/\/mexicomusa.com\/es\/#organization"},"potentialAction":[{"@type":"SearchAction","target":{"@type":"EntryPoint","urlTemplate":"https:\/\/mexicomusa.com\/es\/?s={search_term_string}"},"query-input":{"@type":"PropertyValueSpecification","valueRequired":true,"valueName":"search_term_string"}}],"inLanguage":"es"},{"@type":"Organization","@id":"https:\/\/mexicomusa.com\/es\/#organization","name":"Mexicom USA","url":"https:\/\/mexicomusa.com\/es\/","logo":{"@type":"ImageObject","inLanguage":"es","@id":"https:\/\/mexicomusa.com\/es\/#\/schema\/logo\/image\/","url":"https:\/\/mexicomusa.com\/wp-content\/uploads\/2022\/04\/cropped-MEXICOMUSA-COLOR.png","contentUrl":"https:\/\/mexicomusa.com\/wp-content\/uploads\/2022\/04\/cropped-MEXICOMUSA-COLOR.png","width":1080,"height":566,"caption":"Mexicom USA"},"image":{"@id":"https:\/\/mexicomusa.com\/es\/#\/schema\/logo\/image\/"}}]}},"_links":{"self":[{"href":"https:\/\/mexicomusa.com\/es\/wp-json\/wp\/v2\/pages\/1361","targetHints":{"allow":["GET"]}}],"collection":[{"href":"https:\/\/mexicomusa.com\/es\/wp-json\/wp\/v2\/pages"}],"about":[{"href":"https:\/\/mexicomusa.com\/es\/wp-json\/wp\/v2\/types\/page"}],"author":[{"embeddable":true,"href":"https:\/\/mexicomusa.com\/es\/wp-json\/wp\/v2\/users\/2"}],"replies":[{"embeddable":true,"href":"https:\/\/mexicomusa.com\/es\/wp-json\/wp\/v2\/comments?post=1361"}],"version-history":[{"count":0,"href":"https:\/\/mexicomusa.com\/es\/wp-json\/wp\/v2\/pages\/1361\/revisions"}],"wp:attachment":[{"href":"https:\/\/mexicomusa.com\/es\/wp-json\/wp\/v2\/media?parent=1361"}],"curies":[{"name":"wp","href":"https:\/\/api.w.org\/{rel}","templated":true}]}}